{"id":1725,"date":"2026-02-26T14:28:53","date_gmt":"2026-02-26T14:28:53","guid":{"rendered":"https:\/\/idarto.com\/?post_type=product&#038;p=1725"},"modified":"2026-04-16T10:51:08","modified_gmt":"2026-04-16T08:51:08","slug":"psychologist-pocket","status":"publish","type":"product","link":"https:\/\/idarto.com\/en\/product\/psihologs-kabata\/","title":{"rendered":"\u201cPsychologist in your pocket\u201d card set\u201d"},"content":{"rendered":"<p>A set of cards for daily reflection and for developing psychological literacy when the mind is racing, emotions are overwhelming or life has become too much. A psychoeducational tool for a more conscious attitude towards oneself, one's fellow human beings and everyday experiences.<\/p>\n<p data-start=\"264\" data-end=\"460\">The set consists of <strong data-start=\"284\" data-end=\"299\">50 cards.<\/strong> <strong>Each card describes one psychological technique<\/strong>, that can be used in everyday situations.<\/p>\n<p data-start=\"462\" data-end=\"729\">Cards <strong data-start=\"471\" data-end=\"485\">on one side<\/strong> is a brief description of the technique:<br data-start=\"511\" data-end=\"514\" \/>- in which situations the technique can be used;<br data-start=\"563\" data-end=\"566\" \/>- how doing the technique can help stabilise your psychological state in the short term;<br data-start=\"630\" data-end=\"633\" \/>- how regular practice of the technique can support emotional health and psychological self-awareness.<\/p>\n<p data-start=\"731\" data-end=\"864\">Cards <strong data-start=\"740\" data-end=\"753\">on the other side<\/strong> clear, step-by-step instructions on what to do and in what order to practice the technique.<\/p>\n<p data-start=\"866\" data-end=\"1109\" data-is-last-node=\"\" data-is-only-node=\"\">The kit is designed to make psychological self-help techniques available in a simple, easy-to-understand and practical format that can be used on a daily basis.<\/p>\n<p><strong>A practical contribution to psychological self-care<\/strong><\/p>\n<ul>\n<li>Relaxation techniques - 7<\/li>\n<li>Emotion regulation techniques - 11<\/li>\n<li>Thought Management Practices - 8<\/li>\n<li>Conscious living techniques - 10<\/li>\n<li>Spiritual Practices - 6<\/li>\n<li>Communication techniques - 8<\/li>\n<\/ul>\n<p>All techniques are also available in video format - for developing psychological literacy <strong><a href=\"https:\/\/idarto.com\/en\/el360\/\">Psychological techniques in the \u201cPsychologist in your pocket\u201d video library\u201d<\/a>.<\/strong><\/p>\n<p><strong>Attention!\u00a0<\/strong>This product is intended for educational and self-discovery purposes. The practice of the techniques published in this set of cards is not a substitute for individual collaboration with a mental health professional and is not intended to prevent severe psychological distress or to treat psychiatric disorders. If you are experiencing deep emotional distress, a crisis or prolonged psychological discomfort, we encourage you to seek the advice of a qualified professional who can provide individual support.<\/p>","protected":false},"excerpt":{"rendered":"<p>A set of cards for daily reflection and for developing psychological literacy when the mind is racing, emotions are overwhelming or life has become too much. A psychoeducational tool for a more conscious attitude towards oneself, one's fellow human beings and everyday experiences. The set consists of 50 cards. Each card describes a psychological technique that can be used in everyday situations.<\/p>","protected":false},"featured_media":1732,"comment_status":"open","ping_status":"closed","template":"","meta":{"nf_dc_page":""},"product_brand":[],"product_cat":[26],"product_tag":[],"class_list":{"0":"post-1725","1":"product","2":"type-product","3":"status-publish","4":"has-post-thumbnail","6":"product_cat-visi-produkti","8":"first","9":"instock","10":"sale","11":"shipping-taxable","12":"purchasable","13":"product-type-simple"},"yoast_head":"<!-- This site is optimized with the Yoast SEO plugin v27.4 - https:\/\/yoast.com\/product\/yoast-seo-wordpress\/ -->\n<title>Kart\u012b\u0161u komplekts &quot;Psihologs kabat\u0101&quot; - ID\u0100RTO Centrs<\/title>\n<meta name=\"description\" content=\"Univers\u0101ls psiholo\u0123isk\u0101s pa\u0161pal\u012bdz\u012bbas r\u012bks ikdienai \u2013 pal\u012bdz lab\u0101k izprast sevi, regul\u0113t emocijas un att\u012bst\u012bt psiholo\u0123isko prat\u012bbu.\" \/>\n<meta name=\"robots\" content=\"index, follow, max-snippet:-1, max-image-preview:large, max-video-preview:-1\" \/>\n<link rel=\"canonical\" href=\"https:\/\/idarto.com\/en\/product\/psychologist-pocket\/\" \/>\n<meta property=\"og:locale\" content=\"en_GB\" \/>\n<meta property=\"og:type\" content=\"article\" \/>\n<meta property=\"og:title\" content=\"Kart\u012b\u0161u komplekts &quot;Psihologs kabat\u0101&quot;\" \/>\n<meta property=\"og:description\" content=\"Univers\u0101ls psiholo\u0123isk\u0101s pa\u0161pal\u012bdz\u012bbas r\u012bks ikdienai \u2013 pal\u012bdz lab\u0101k izprast sevi, regul\u0113t emocijas un att\u012bst\u012bt psiholo\u0123isko prat\u012bbu.\" \/>\n<meta property=\"og:url\" content=\"https:\/\/idarto.com\/en\/product\/psychologist-pocket\/\" \/>\n<meta property=\"og:site_name\" content=\"ID\u0100RTO Centrs\" \/>\n<meta property=\"article:modified_time\" content=\"2026-04-16T08:51:08+00:00\" \/>\n<meta property=\"og:image\" content=\"https:\/\/idarto.com\/wp-content\/uploads\/2026\/02\/IMG_3316.jpg\" \/>\n\t<meta property=\"og:image:width\" content=\"1638\" \/>\n\t<meta property=\"og:image:height\" content=\"2048\" \/>\n\t<meta property=\"og:image:type\" content=\"image\/jpeg\" \/>\n<meta name=\"twitter:card\" content=\"summary_large_image\" \/>\n<meta name=\"twitter:title\" content=\"Kart\u012b\u0161u komplekts &quot;Psihologs kabat\u0101&quot;\" \/>\n<meta name=\"twitter:description\" content=\"Univers\u0101ls psiholo\u0123isk\u0101s pa\u0161pal\u012bdz\u012bbas r\u012bks ikdienai \u2013 pal\u012bdz lab\u0101k izprast sevi, regul\u0113t emocijas un att\u012bst\u012bt psiholo\u0123isko prat\u012bbu.\" \/>\n<meta name=\"twitter:image\" content=\"https:\/\/i0.wp.com\/idarto.com\/wp-content\/uploads\/2026\/02\/IMG_3316.jpg?fit=1638%2C2048&ssl=1\" \/>\n<meta name=\"twitter:label1\" content=\"Estimated reading time\" \/>\n\t<meta name=\"twitter:data1\" content=\"2 minutes\" \/>\n<script type=\"application\/ld+json\" class=\"yoast-schema-graph\">{\"@context\":\"https:\\\/\\\/schema.org\",\"@graph\":[{\"@type\":\"WebPage\",\"@id\":\"https:\\\/\\\/idarto.com\\\/product\\\/psihologs-kabata\\\/\",\"url\":\"https:\\\/\\\/idarto.com\\\/product\\\/psihologs-kabata\\\/\",\"name\":\"Kart\u012b\u0161u komplekts \\\"Psihologs kabat\u0101\\\" - ID\u0100RTO Centrs\",\"isPartOf\":{\"@id\":\"https:\\\/\\\/idarto.com\\\/#website\"},\"primaryImageOfPage\":{\"@id\":\"https:\\\/\\\/idarto.com\\\/product\\\/psihologs-kabata\\\/#primaryimage\"},\"image\":{\"@id\":\"https:\\\/\\\/idarto.com\\\/product\\\/psihologs-kabata\\\/#primaryimage\"},\"thumbnailUrl\":\"https:\\\/\\\/i0.wp.com\\\/idarto.com\\\/wp-content\\\/uploads\\\/2026\\\/02\\\/IMG_3312.jpg?fit=1638%2C2048&ssl=1\",\"datePublished\":\"2026-02-26T14:28:53+00:00\",\"dateModified\":\"2026-04-16T08:51:08+00:00\",\"description\":\"Univers\u0101ls psiholo\u0123isk\u0101s pa\u0161pal\u012bdz\u012bbas r\u012bks ikdienai \u2013 pal\u012bdz lab\u0101k izprast sevi, regul\u0113t emocijas un att\u012bst\u012bt psiholo\u0123isko prat\u012bbu.\",\"breadcrumb\":{\"@id\":\"https:\\\/\\\/idarto.com\\\/product\\\/psihologs-kabata\\\/#breadcrumb\"},\"inLanguage\":\"en-GB\",\"potentialAction\":[{\"@type\":\"ReadAction\",\"target\":[\"https:\\\/\\\/idarto.com\\\/product\\\/psihologs-kabata\\\/\"]}]},{\"@type\":\"ImageObject\",\"inLanguage\":\"en-GB\",\"@id\":\"https:\\\/\\\/idarto.com\\\/product\\\/psihologs-kabata\\\/#primaryimage\",\"url\":\"https:\\\/\\\/i0.wp.com\\\/idarto.com\\\/wp-content\\\/uploads\\\/2026\\\/02\\\/IMG_3312.jpg?fit=1638%2C2048&ssl=1\",\"contentUrl\":\"https:\\\/\\\/i0.wp.com\\\/idarto.com\\\/wp-content\\\/uploads\\\/2026\\\/02\\\/IMG_3312.jpg?fit=1638%2C2048&ssl=1\",\"width\":1638,\"height\":2048,\"caption\":\"Psihologs kabat\u0101\"},{\"@type\":\"BreadcrumbList\",\"@id\":\"https:\\\/\\\/idarto.com\\\/product\\\/psihologs-kabata\\\/#breadcrumb\",\"itemListElement\":[{\"@type\":\"ListItem\",\"position\":1,\"name\":\"Home\",\"item\":\"https:\\\/\\\/idarto.com\\\/\"},{\"@type\":\"ListItem\",\"position\":2,\"name\":\"Veikals\",\"item\":\"https:\\\/\\\/idarto.com\\\/veikals\\\/\"},{\"@type\":\"ListItem\",\"position\":3,\"name\":\"Kart\u012b\u0161u komplekts &#8220;Psihologs kabat\u0101&#8221;\"}]},{\"@type\":\"WebSite\",\"@id\":\"https:\\\/\\\/idarto.com\\\/#website\",\"url\":\"https:\\\/\\\/idarto.com\\\/\",\"name\":\"ID\u0100RTO Centrs\",\"description\":\"Psihoemocion\u0101l\u0101 atbalsts sniedz\u0113js - m\u0101c\u0101m prasmes, kas pal\u012bdz main\u012bties.\",\"publisher\":{\"@id\":\"https:\\\/\\\/idarto.com\\\/#organization\"},\"potentialAction\":[{\"@type\":\"SearchAction\",\"target\":{\"@type\":\"EntryPoint\",\"urlTemplate\":\"https:\\\/\\\/idarto.com\\\/?s={search_term_string}\"},\"query-input\":{\"@type\":\"PropertyValueSpecification\",\"valueRequired\":true,\"valueName\":\"search_term_string\"}}],\"inLanguage\":\"en-GB\"},{\"@type\":\"Organization\",\"@id\":\"https:\\\/\\\/idarto.com\\\/#organization\",\"name\":\"ID\u0100RTO Centrs\",\"url\":\"https:\\\/\\\/idarto.com\\\/\",\"logo\":{\"@type\":\"ImageObject\",\"inLanguage\":\"en-GB\",\"@id\":\"https:\\\/\\\/idarto.com\\\/#\\\/schema\\\/logo\\\/image\\\/\",\"url\":\"https:\\\/\\\/i0.wp.com\\\/idarto.com\\\/wp-content\\\/uploads\\\/2025\\\/04\\\/1.png?fit=325%2C157&ssl=1\",\"contentUrl\":\"https:\\\/\\\/i0.wp.com\\\/idarto.com\\\/wp-content\\\/uploads\\\/2025\\\/04\\\/1.png?fit=325%2C157&ssl=1\",\"width\":325,\"height\":157,\"caption\":\"ID\u0100RTO Centrs\"},\"image\":{\"@id\":\"https:\\\/\\\/idarto.com\\\/#\\\/schema\\\/logo\\\/image\\\/\"}}]}<\/script>\n<!-- \/ Yoast SEO plugin. -->","yoast_head_json":{"title":"Set of cards \"Psychologist in your pocket\" - IDARTO Centre","description":"A versatile psychological self-help tool for everyday life - to help you better understand yourself, regulate your emotions and develop psychological literacy.","robots":{"index":"index","follow":"follow","max-snippet":"max-snippet:-1","max-image-preview":"max-image-preview:large","max-video-preview":"max-video-preview:-1"},"canonical":"https:\/\/idarto.com\/en\/product\/psychologist-pocket\/","og_locale":"en_GB","og_type":"article","og_title":"Kart\u012b\u0161u komplekts \"Psihologs kabat\u0101\"","og_description":"Univers\u0101ls psiholo\u0123isk\u0101s pa\u0161pal\u012bdz\u012bbas r\u012bks ikdienai \u2013 pal\u012bdz lab\u0101k izprast sevi, regul\u0113t emocijas un att\u012bst\u012bt psiholo\u0123isko prat\u012bbu.","og_url":"https:\/\/idarto.com\/en\/product\/psychologist-pocket\/","og_site_name":"ID\u0100RTO Centrs","article_modified_time":"2026-04-16T08:51:08+00:00","og_image":[{"width":1638,"height":2048,"url":"https:\/\/idarto.com\/wp-content\/uploads\/2026\/02\/IMG_3316.jpg","type":"image\/jpeg"}],"twitter_card":"summary_large_image","twitter_title":"Kart\u012b\u0161u komplekts \"Psihologs kabat\u0101\"","twitter_description":"Univers\u0101ls psiholo\u0123isk\u0101s pa\u0161pal\u012bdz\u012bbas r\u012bks ikdienai \u2013 pal\u012bdz lab\u0101k izprast sevi, regul\u0113t emocijas un att\u012bst\u012bt psiholo\u0123isko prat\u012bbu.","twitter_image":"https:\/\/i0.wp.com\/idarto.com\/wp-content\/uploads\/2026\/02\/IMG_3316.jpg?fit=1638%2C2048&ssl=1","twitter_misc":{"Estimated reading time":"2 minutes"},"schema":{"@context":"https:\/\/schema.org","@graph":[{"@type":"WebPage","@id":"https:\/\/idarto.com\/product\/psihologs-kabata\/","url":"https:\/\/idarto.com\/product\/psihologs-kabata\/","name":"Set of cards \"Psychologist in your pocket\" - IDARTO Centre","isPartOf":{"@id":"https:\/\/idarto.com\/#website"},"primaryImageOfPage":{"@id":"https:\/\/idarto.com\/product\/psihologs-kabata\/#primaryimage"},"image":{"@id":"https:\/\/idarto.com\/product\/psihologs-kabata\/#primaryimage"},"thumbnailUrl":"https:\/\/i0.wp.com\/idarto.com\/wp-content\/uploads\/2026\/02\/IMG_3312.jpg?fit=1638%2C2048&ssl=1","datePublished":"2026-02-26T14:28:53+00:00","dateModified":"2026-04-16T08:51:08+00:00","description":"A versatile psychological self-help tool for everyday life - to help you better understand yourself, regulate your emotions and develop psychological literacy.","breadcrumb":{"@id":"https:\/\/idarto.com\/product\/psihologs-kabata\/#breadcrumb"},"inLanguage":"en-GB","potentialAction":[{"@type":"ReadAction","target":["https:\/\/idarto.com\/product\/psihologs-kabata\/"]}]},{"@type":"ImageObject","inLanguage":"en-GB","@id":"https:\/\/idarto.com\/product\/psihologs-kabata\/#primaryimage","url":"https:\/\/i0.wp.com\/idarto.com\/wp-content\/uploads\/2026\/02\/IMG_3312.jpg?fit=1638%2C2048&ssl=1","contentUrl":"https:\/\/i0.wp.com\/idarto.com\/wp-content\/uploads\/2026\/02\/IMG_3312.jpg?fit=1638%2C2048&ssl=1","width":1638,"height":2048,"caption":"Psihologs kabat\u0101"},{"@type":"BreadcrumbList","@id":"https:\/\/idarto.com\/product\/psihologs-kabata\/#breadcrumb","itemListElement":[{"@type":"ListItem","position":1,"name":"Home","item":"https:\/\/idarto.com\/"},{"@type":"ListItem","position":2,"name":"Veikals","item":"https:\/\/idarto.com\/veikals\/"},{"@type":"ListItem","position":3,"name":"Kart\u012b\u0161u komplekts &#8220;Psihologs kabat\u0101&#8221;"}]},{"@type":"WebSite","@id":"https:\/\/idarto.com\/#website","url":"https:\/\/idarto.com\/","name":"IDARTO Centre","description":"Psycho-emotional support provider - teaching skills that help change.","publisher":{"@id":"https:\/\/idarto.com\/#organization"},"potentialAction":[{"@type":"SearchAction","target":{"@type":"EntryPoint","urlTemplate":"https:\/\/idarto.com\/?s={search_term_string}"},"query-input":{"@type":"PropertyValueSpecification","valueRequired":true,"valueName":"search_term_string"}}],"inLanguage":"en-GB"},{"@type":"Organization","@id":"https:\/\/idarto.com\/#organization","name":"IDARTO Centre","url":"https:\/\/idarto.com\/","logo":{"@type":"ImageObject","inLanguage":"en-GB","@id":"https:\/\/idarto.com\/#\/schema\/logo\/image\/","url":"https:\/\/i0.wp.com\/idarto.com\/wp-content\/uploads\/2025\/04\/1.png?fit=325%2C157&ssl=1","contentUrl":"https:\/\/i0.wp.com\/idarto.com\/wp-content\/uploads\/2025\/04\/1.png?fit=325%2C157&ssl=1","width":325,"height":157,"caption":"ID\u0100RTO Centrs"},"image":{"@id":"https:\/\/idarto.com\/#\/schema\/logo\/image\/"}}]}},"jetpack_sharing_enabled":true,"_links":{"self":[{"href":"https:\/\/idarto.com\/en\/wp-json\/wp\/v2\/product\/1725","targetHints":{"allow":["GET"]}}],"collection":[{"href":"https:\/\/idarto.com\/en\/wp-json\/wp\/v2\/product"}],"about":[{"href":"https:\/\/idarto.com\/en\/wp-json\/wp\/v2\/types\/product"}],"replies":[{"embeddable":true,"href":"https:\/\/idarto.com\/en\/wp-json\/wp\/v2\/comments?post=1725"}],"wp:featuredmedia":[{"embeddable":true,"href":"https:\/\/idarto.com\/en\/wp-json\/wp\/v2\/media\/1732"}],"wp:attachment":[{"href":"https:\/\/idarto.com\/en\/wp-json\/wp\/v2\/media?parent=1725"}],"wp:term":[{"taxonomy":"product_brand","embeddable":true,"href":"https:\/\/idarto.com\/en\/wp-json\/wp\/v2\/product_brand?post=1725"},{"taxonomy":"product_cat","embeddable":true,"href":"https:\/\/idarto.com\/en\/wp-json\/wp\/v2\/product_cat?post=1725"},{"taxonomy":"product_tag","embeddable":true,"href":"https:\/\/idarto.com\/en\/wp-json\/wp\/v2\/product_tag?post=1725"}],"curies":[{"name":"wp","href":"https:\/\/api.w.org\/{rel}","templated":true}]}}