{"id":579,"date":"2025-07-19T12:30:53","date_gmt":"2025-07-19T12:30:53","guid":{"rendered":"https:\/\/idarto.com\/?page_id=579"},"modified":"2025-08-26T11:12:09","modified_gmt":"2025-08-26T11:12:09","slug":"participation-in-the-petition","status":"publish","type":"page","link":"https:\/\/idarto.com\/en\/piedalities-petijuma\/","title":{"rendered":"Take part in the study"},"content":{"rendered":"<div class=\"nfd-container nfd-p-lg  nfd-wb-headings__heading-6 is-style-nfd-theme-primary wp-block-group is-layout-constrained wp-container-core-group-is-layout-6141fbbf wp-block-group-is-layout-constrained\">\n<div class=\"nfd-gap-lg wp-block-group is-vertical is-content-justification-left is-layout-flex wp-container-core-group-is-layout-58227553 wp-block-group-is-layout-flex\">\n<p class=\"nfd-text-sm nfd-text-faded has-text-align-center\" style=\"font-style:normal;font-weight:500;letter-spacing:0.05em;text-transform:uppercase\">- TAKE PART IN A STUDY<\/p>\n\n\n\n<h2 class=\"wp-block-heading nfd-text-huge nfd-text-primary nfd-text-balance has-text-align-left\">The relevance of spirituality for breast cancer patients<\/h2>\n<\/div>\n<\/div>\n\n\n\n<div class=\"nfd-container nfd-p-lg nfd-wb-features__features-7 wp-block-group is-layout-constrained wp-block-group-is-layout-constrained\">\n<div class=\"nfd-text-base nfd-gap-3xl wp-block-columns are-vertically-aligned-center is-layout-flex wp-container-core-columns-is-layout-28f84493 wp-block-columns-is-layout-flex\">\n<div class=\"wp-block-column is-vertically-aligned-center is-layout-flow wp-container-core-column-is-layout-8a368f38 wp-block-column-is-layout-flow\" style=\"flex-basis:50%\">\n<figure class=\"wp-block-gallery has-nested-images columns-default is-cropped wp-block-gallery-1 is-layout-flex wp-block-gallery-is-layout-flex\">\n<figure class=\"nfd-rounded wp-block-image size-large\"><img data-recalc-dims=\"1\" decoding=\"async\" width=\"1024\" height=\"683\" data-id=\"478\" src=\"https:\/\/i0.wp.com\/idarto.com\/wp-content\/uploads\/2025\/07\/atbalsts_veza_pacientiem.jpg?resize=1024%2C683&#038;ssl=1\" alt=\"support for cancer patients\" class=\"wp-image-478\" style=\"aspect-ratio:1;object-fit:cover\" srcset=\"https:\/\/i0.wp.com\/idarto.com\/wp-content\/uploads\/2025\/07\/atbalsts_veza_pacientiem-scaled.jpg?resize=1024%2C683&amp;ssl=1 1024w, https:\/\/i0.wp.com\/idarto.com\/wp-content\/uploads\/2025\/07\/atbalsts_veza_pacientiem-scaled.jpg?resize=300%2C200&amp;ssl=1 300w, https:\/\/i0.wp.com\/idarto.com\/wp-content\/uploads\/2025\/07\/atbalsts_veza_pacientiem-scaled.jpg?resize=768%2C512&amp;ssl=1 768w, https:\/\/i0.wp.com\/idarto.com\/wp-content\/uploads\/2025\/07\/atbalsts_veza_pacientiem-scaled.jpg?resize=1536%2C1024&amp;ssl=1 1536w, https:\/\/i0.wp.com\/idarto.com\/wp-content\/uploads\/2025\/07\/atbalsts_veza_pacientiem-scaled.jpg?resize=2048%2C1365&amp;ssl=1 2048w\" sizes=\"(max-width: 1000px) 100vw, 1000px\" \/><\/figure>\n<\/figure>\n<\/div>\n\n\n\n<div class=\"md:nfd-order-2 nfd-text-md wp-block-column is-vertically-aligned-center is-layout-flow wp-container-core-column-is-layout-8eebadab wp-block-column-is-layout-flow\" style=\"flex-basis:50%\">\n<div class=\"nfd-gap-lg wp-block-group is-vertical is-layout-flex wp-container-core-group-is-layout-fe9cc265 wp-block-group-is-layout-flex\">\n<div class=\"wp-block-group is-nowrap is-layout-flex wp-container-core-group-is-layout-6c531013 wp-block-group-is-layout-flex\">\n<div class=\"nfd-shadow-xs nfd-rounded-full nfd-bg-subtle wp-block-group is-layout-constrained wp-container-core-group-is-layout-c4486197 wp-block-group-is-layout-constrained\" style=\"padding-top:6px;padding-right:16px;padding-bottom:6px;padding-left:16px\">\n<p class=\"nfd-text-xs\" style=\"font-style:normal;font-weight:600;text-transform:uppercase\">Your opinion is important<\/p>\n<\/div>\n<\/div>\n\n\n\n<h2 class=\"nfd-text-xl nfd-text-contrast nfd-text-balance wp-block-heading\">Breast cancer patients are invited to take part in a study<\/h2>\n\n\n\n<div class=\"nfd-text-pretty wp-block-group is-vertical is-layout-flex wp-container-core-group-is-layout-fe9cc265 wp-block-group-is-layout-flex\">\n<p class=\"\">Have you been diagnosed with cancer during your working life? <\/p>\n\n\n\n<p class=\"\">We are conducting a study to better understand these patients' experiences, emotional well-being and self-help resources after diagnosis.<\/p>\n\n\n\n<p class=\"\">By taking part in an anonymous survey, you are helping to develop healthcare support solutions for people with similar experiences.<br><\/p>\n<\/div>\n\n\n\n<div class=\"wp-block-buttons is-horizontal is-content-justification-left is-layout-flex wp-container-core-buttons-is-layout-c4719c80 wp-block-buttons-is-layout-flex\">\n<div class=\"nfd-btn-lg  wp-block-button\"><a class=\"wp-block-button__link wp-element-button\" href=\"https:\/\/daiga.typeform.com\/to\/MdCzimoE\" target=\"_blank\" rel=\"noreferrer noopener\"><strong>Take part in the study<\/strong><\/a><\/div>\n<\/div>\n<\/div>\n<\/div>\n<\/div>\n<\/div>\n\n\n\n<div class=\"nfd-container nfd-text-md nfd-wb-text__text-6 wp-block-group is-layout-constrained wp-block-group-is-layout-constrained\">\n<div class=\"nfd-gap-xl wp-block-columns is-layout-flex wp-container-core-columns-is-layout-28f84493 wp-block-columns-is-layout-flex\">\n<div class=\"wp-block-column is-layout-flow wp-block-column-is-layout-flow\">\n<h2 class=\"nfd-text-xl nfd-text-balance wp-block-heading\" style=\"font-style:normal;font-weight:600\">Informed consent to complete the survey<\/h2>\n<\/div>\n\n\n\n<div class=\"wp-block-column is-layout-flow wp-block-column-is-layout-flow\">\n<p class=\"\">You are kindly invited to participate in the Riga Stradins University (RSU) PhD <strong>Daiga Katrina Bitena <\/strong>in a study on <strong>the relevance of the dimension of spirituality after breast cancer treatment<\/strong>, by filling in an anonymous survey questionnaire. The title of the study is \u201cPreparing Oncology Patients for the Safe Practice of the Spirituality Dimension during the Treatment Period for Self-Help Purposes\u201d.<\/p>\n\n\n\n<p class=\"\"><strong>The survey will take approximately 30-35 minutes to complete<\/strong>. Most of the questions are multiple-choice, but four are open-ended - we encourage you to give as broad and thoughtful answers as possible.<\/p>\n<\/div>\n\n\n\n<div class=\"wp-block-column is-layout-flow wp-block-column-is-layout-flow\">\n<p class=\"\"><strong>The aim of the study is to better understand how women after breast cancer treatment use spiritual practices or seek spiritual support, how this affects their sense of self and their ability to return to work.<\/strong><\/p>\n\n\n\n<p class=\"\">Based on the results of the study, it will be possible to <strong>developing more effective support measures and health programmes<\/strong>, to help breast cancer patients <strong>recover more successfully<\/strong>, return to work and maintain their quality of life, thus reducing the social and economic impact of the disease.<\/p>\n<\/div>\n<\/div>\n<\/div>\n\n\n\n<div class=\"nfd-container nfd-text-md nfd-wb-text__text-6 wp-block-group is-layout-constrained wp-block-group-is-layout-constrained\">\n<div class=\"nfd-gap-xl wp-block-columns is-layout-flex wp-container-core-columns-is-layout-28f84493 wp-block-columns-is-layout-flex\">\n<div class=\"wp-block-column is-layout-flow wp-block-column-is-layout-flow\">\n<h2 class=\"nfd-text-xl nfd-text-balance wp-block-heading\" style=\"font-style:normal;font-weight:600\"><\/h2>\n<\/div>\n\n\n\n<div class=\"wp-block-column is-layout-flow wp-block-column-is-layout-flow\">\n<p class=\"\">The questionnaire will include questions that can prompt reflection on yourself, your needs, values and experiences. You will also be asked to provide information about your diagnosis, the course of your treatment and your spiritual outlook. In this way, participation in the study can help you to understand yourself better and create a sense of belonging. At the same time, answering personal and sensitive questions can be emotionally upsetting.<\/p>\n\n\n\n<p class=\"\">Remember that participation in the survey is completely voluntary - you can refuse to complete the questionnaire at any time and there will be no negative consequences. If you experience any emotional difficulties in completing the questionnaire and would like support, please use the resources available <strong><a href=\"https:\/\/www.dropbox.com\/scl\/fi\/qlupsmezvbyjklv1fbelg\/Psihoemocion-ls-atbalsts-onkolo-iskiem-pacientiem-Latvij.docx?rlkey=jfgspoh4xt0k2bpx4jkg0isba&amp;dl=0\" target=\"_blank\" rel=\"noreferrer noopener\">here<\/a>.<\/strong><\/p>\n<\/div>\n\n\n\n<div class=\"wp-block-column is-layout-flow wp-block-column-is-layout-flow\">\n<p class=\"\">The questionnaire is anonymous, you will not be identifiable from the information you provide in the questionnaire, and the data will only be used in aggregate form to achieve the purpose of the study.<\/p>\n\n\n\n<p class=\"\">The study is being conducted at RSU and has been approved by the Medical and Biomedical Research Ethics Committee of the Riga East Clinical University Hospital Support Foundation. If you have any questions about this study, you can contact Daiga Katrina Bitena, <a href=\"mailto:daiga.bitena@gmail.com\" target=\"_blank\" rel=\"noreferrer noopener\"><strong><em>daiga.bitena@gmail.com<\/em><\/strong><\/a><\/p>\n\n\n\n<p class=\"\">Please note that submission of a completed questionnaire constitutes consent to participate in the study.<\/p>\n\n\n\n<p class=\"\">Thank you for your participation!<\/p>\n\n\n\n<div class=\"wp-block-buttons is-layout-flex wp-block-buttons-is-layout-flex\">\n<div class=\"wp-block-button\"><a class=\"wp-block-button__link wp-element-button\" href=\"https:\/\/daiga.typeform.com\/to\/MdCzimoE\" target=\"_blank\" rel=\"noreferrer noopener\"><strong>Take part in the study<\/strong><\/a><\/div>\n<\/div>\n<\/div>\n<\/div>\n<\/div>\n\n\n\n<div class=\"nfd-container nfd-text-md nfd-wb-text__text-5 wp-block-group is-layout-constrained wp-container-core-group-is-layout-346627ba wp-block-group-is-layout-constrained\">\n<div class=\"wp-block-columns is-layout-flex wp-container-core-columns-is-layout-28f84493 wp-block-columns-is-layout-flex\"><\/div>\n<\/div>","protected":false},"excerpt":{"rendered":"<p>\u2014 PIEDAL\u012aTIES P\u0112T\u012aJUM\u0100 Gar\u012bguma dimensijas aktualit\u0101te kr\u016bts v\u0113\u017ea pacient\u0113m J\u016bsu viedoklis ir svar\u012bgs Aicin\u0101m piedal\u012bties p\u0113t\u012bjum\u0101 kr\u016bts v\u0113\u017ea pacientes Vai esat sask\u0101rusies ar onkolo\u0123isku diagnozi darbsp\u0113jas vecum\u0101? M\u0113s veicam p\u0113t\u012bjumu, lai lab\u0101k izprastu \u0161o pacientu pieredzi, emocion\u0101lo labizj\u016btu un pa\u0161pal\u012bdz\u012bbas resursus p\u0113c diagnozes sa\u0146em\u0161anas. Piedaloties anon\u012bm\u0101 aptauj\u0101, J\u016bs pal\u012bdzat att\u012bst\u012bt atbalsta risin\u0101jumus vesel\u012bbas apr\u016bp\u0113 cilv\u0113kiem [&hellip;]<\/p>\n","protected":false},"author":1,"featured_media":290,"parent":0,"menu_order":0,"comment_status":"closed","ping_status":"closed","template":"","meta":{"nf_dc_page":"","footnotes":""},"class_list":["post-579","page","type-page","status-publish","has-post-thumbnail","hentry"],"yoast_head":"<!-- This site is optimized with the Yoast SEO plugin v27.4 - https:\/\/yoast.com\/product\/yoast-seo-wordpress\/ -->\n<title>P\u0113t\u012bjums - Gar\u012bguma dimensijas noz\u012bme kr\u016bts v\u0113\u017ea p\u0101rvar\u0113\u0161an\u0101<\/title>\n<meta name=\"description\" content=\"P\u0113t\u012bjums par gar\u012bguma dimensijas aktualit\u0101ti kr\u016bts v\u0113\u017ea pacient\u0113m.\" \/>\n<meta name=\"robots\" content=\"index, follow, max-snippet:-1, max-image-preview:large, max-video-preview:-1\" \/>\n<link rel=\"canonical\" href=\"https:\/\/idarto.com\/en\/participation-in-the-petition\/\" \/>\n<meta property=\"og:locale\" content=\"en_GB\" \/>\n<meta property=\"og:type\" content=\"article\" \/>\n<meta property=\"og:title\" content=\"P\u0113t\u012bjums - Gar\u012bguma dimensijas noz\u012bme kr\u016bts v\u0113\u017ea p\u0101rvar\u0113\u0161an\u0101\" \/>\n<meta property=\"og:description\" content=\"P\u0113t\u012bjums par gar\u012bguma dimensijas aktualit\u0101ti kr\u016bts v\u0113\u017ea pacient\u0113m.\" \/>\n<meta property=\"og:url\" content=\"https:\/\/idarto.com\/en\/participation-in-the-petition\/\" \/>\n<meta property=\"og:site_name\" content=\"ID\u0100RTO Centrs\" \/>\n<meta property=\"article:modified_time\" content=\"2025-08-26T11:12:09+00:00\" \/>\n<meta property=\"og:image\" content=\"https:\/\/idarto.com\/wp-content\/uploads\/2025\/05\/pexels-thirdman-7659565-scaled-e1748258922379.jpg\" \/>\n\t<meta property=\"og:image:width\" content=\"1560\" \/>\n\t<meta property=\"og:image:height\" content=\"1040\" \/>\n\t<meta property=\"og:image:type\" content=\"image\/jpeg\" \/>\n<meta name=\"twitter:card\" content=\"summary_large_image\" \/>\n<meta name=\"twitter:title\" content=\"P\u0113t\u012bjums - Gar\u012bguma dimensijas noz\u012bme kr\u016bts v\u0113\u017ea p\u0101rvar\u0113\u0161an\u0101\" \/>\n<meta name=\"twitter:description\" content=\"P\u0113t\u012bjums par gar\u012bguma dimensijas aktualit\u0101ti kr\u016bts v\u0113\u017ea pacient\u0113m.\" \/>\n<meta name=\"twitter:image\" content=\"https:\/\/i0.wp.com\/idarto.com\/wp-content\/uploads\/2025\/05\/pexels-thirdman-7659565-scaled-e1748258922379.jpg?fit=1560%2C1040&ssl=1\" \/>\n<meta name=\"twitter:label1\" content=\"Estimated reading time\" \/>\n\t<meta name=\"twitter:data1\" content=\"2 minutes\" \/>\n<script type=\"application\/ld+json\" class=\"yoast-schema-graph\">{\"@context\":\"https:\\\/\\\/schema.org\",\"@graph\":[{\"@type\":\"WebPage\",\"@id\":\"https:\\\/\\\/idarto.com\\\/piedalities-petijuma\\\/\",\"url\":\"https:\\\/\\\/idarto.com\\\/piedalities-petijuma\\\/\",\"name\":\"P\u0113t\u012bjums - Gar\u012bguma dimensijas noz\u012bme kr\u016bts v\u0113\u017ea p\u0101rvar\u0113\u0161an\u0101\",\"isPartOf\":{\"@id\":\"https:\\\/\\\/idarto.com\\\/#website\"},\"primaryImageOfPage\":{\"@id\":\"https:\\\/\\\/idarto.com\\\/piedalities-petijuma\\\/#primaryimage\"},\"image\":{\"@id\":\"https:\\\/\\\/idarto.com\\\/piedalities-petijuma\\\/#primaryimage\"},\"thumbnailUrl\":\"https:\\\/\\\/i0.wp.com\\\/idarto.com\\\/wp-content\\\/uploads\\\/2025\\\/05\\\/pexels-thirdman-7659565-scaled-e1748258922379.jpg?fit=1560%2C1040&ssl=1\",\"datePublished\":\"2025-07-19T12:30:53+00:00\",\"dateModified\":\"2025-08-26T11:12:09+00:00\",\"description\":\"P\u0113t\u012bjums par gar\u012bguma dimensijas aktualit\u0101ti kr\u016bts v\u0113\u017ea pacient\u0113m.\",\"breadcrumb\":{\"@id\":\"https:\\\/\\\/idarto.com\\\/piedalities-petijuma\\\/#breadcrumb\"},\"inLanguage\":\"en-GB\",\"potentialAction\":[{\"@type\":\"ReadAction\",\"target\":[\"https:\\\/\\\/idarto.com\\\/piedalities-petijuma\\\/\"]}]},{\"@type\":\"ImageObject\",\"inLanguage\":\"en-GB\",\"@id\":\"https:\\\/\\\/idarto.com\\\/piedalities-petijuma\\\/#primaryimage\",\"url\":\"https:\\\/\\\/i0.wp.com\\\/idarto.com\\\/wp-content\\\/uploads\\\/2025\\\/05\\\/pexels-thirdman-7659565-scaled-e1748258922379.jpg?fit=1560%2C1040&ssl=1\",\"contentUrl\":\"https:\\\/\\\/i0.wp.com\\\/idarto.com\\\/wp-content\\\/uploads\\\/2025\\\/05\\\/pexels-thirdman-7659565-scaled-e1748258922379.jpg?fit=1560%2C1040&ssl=1\",\"width\":1560,\"height\":1040},{\"@type\":\"BreadcrumbList\",\"@id\":\"https:\\\/\\\/idarto.com\\\/piedalities-petijuma\\\/#breadcrumb\",\"itemListElement\":[{\"@type\":\"ListItem\",\"position\":1,\"name\":\"Home\",\"item\":\"https:\\\/\\\/idarto.com\\\/\"},{\"@type\":\"ListItem\",\"position\":2,\"name\":\"Piedal\u012bties p\u0113t\u012bjum\u0101\"}]},{\"@type\":\"WebSite\",\"@id\":\"https:\\\/\\\/idarto.com\\\/#website\",\"url\":\"https:\\\/\\\/idarto.com\\\/\",\"name\":\"ID\u0100RTO Centrs\",\"description\":\"Psihoemocion\u0101l\u0101 atbalsts sniedz\u0113js - m\u0101c\u0101m prasmes, kas pal\u012bdz main\u012bties.\",\"publisher\":{\"@id\":\"https:\\\/\\\/idarto.com\\\/#organization\"},\"potentialAction\":[{\"@type\":\"SearchAction\",\"target\":{\"@type\":\"EntryPoint\",\"urlTemplate\":\"https:\\\/\\\/idarto.com\\\/?s={search_term_string}\"},\"query-input\":{\"@type\":\"PropertyValueSpecification\",\"valueRequired\":true,\"valueName\":\"search_term_string\"}}],\"inLanguage\":\"en-GB\"},{\"@type\":\"Organization\",\"@id\":\"https:\\\/\\\/idarto.com\\\/#organization\",\"name\":\"ID\u0100RTO Centrs\",\"url\":\"https:\\\/\\\/idarto.com\\\/\",\"logo\":{\"@type\":\"ImageObject\",\"inLanguage\":\"en-GB\",\"@id\":\"https:\\\/\\\/idarto.com\\\/#\\\/schema\\\/logo\\\/image\\\/\",\"url\":\"https:\\\/\\\/i0.wp.com\\\/idarto.com\\\/wp-content\\\/uploads\\\/2025\\\/04\\\/1.png?fit=325%2C157&ssl=1\",\"contentUrl\":\"https:\\\/\\\/i0.wp.com\\\/idarto.com\\\/wp-content\\\/uploads\\\/2025\\\/04\\\/1.png?fit=325%2C157&ssl=1\",\"width\":325,\"height\":157,\"caption\":\"ID\u0100RTO Centrs\"},\"image\":{\"@id\":\"https:\\\/\\\/idarto.com\\\/#\\\/schema\\\/logo\\\/image\\\/\"}}]}<\/script>\n<!-- \/ Yoast SEO plugin. -->","yoast_head_json":{"title":"Study - The role of spirituality in breast cancer","description":"A study on the relevance of the dimension of spirituality for breast cancer patients.","robots":{"index":"index","follow":"follow","max-snippet":"max-snippet:-1","max-image-preview":"max-image-preview:large","max-video-preview":"max-video-preview:-1"},"canonical":"https:\/\/idarto.com\/en\/participation-in-the-petition\/","og_locale":"en_GB","og_type":"article","og_title":"P\u0113t\u012bjums - Gar\u012bguma dimensijas noz\u012bme kr\u016bts v\u0113\u017ea p\u0101rvar\u0113\u0161an\u0101","og_description":"P\u0113t\u012bjums par gar\u012bguma dimensijas aktualit\u0101ti kr\u016bts v\u0113\u017ea pacient\u0113m.","og_url":"https:\/\/idarto.com\/en\/participation-in-the-petition\/","og_site_name":"ID\u0100RTO Centrs","article_modified_time":"2025-08-26T11:12:09+00:00","og_image":[{"width":1560,"height":1040,"url":"https:\/\/idarto.com\/wp-content\/uploads\/2025\/05\/pexels-thirdman-7659565-scaled-e1748258922379.jpg","type":"image\/jpeg"}],"twitter_card":"summary_large_image","twitter_title":"P\u0113t\u012bjums - Gar\u012bguma dimensijas noz\u012bme kr\u016bts v\u0113\u017ea p\u0101rvar\u0113\u0161an\u0101","twitter_description":"P\u0113t\u012bjums par gar\u012bguma dimensijas aktualit\u0101ti kr\u016bts v\u0113\u017ea pacient\u0113m.","twitter_image":"https:\/\/i0.wp.com\/idarto.com\/wp-content\/uploads\/2025\/05\/pexels-thirdman-7659565-scaled-e1748258922379.jpg?fit=1560%2C1040&ssl=1","twitter_misc":{"Estimated reading time":"2 minutes"},"schema":{"@context":"https:\/\/schema.org","@graph":[{"@type":"WebPage","@id":"https:\/\/idarto.com\/piedalities-petijuma\/","url":"https:\/\/idarto.com\/piedalities-petijuma\/","name":"Study - The role of spirituality in breast cancer","isPartOf":{"@id":"https:\/\/idarto.com\/#website"},"primaryImageOfPage":{"@id":"https:\/\/idarto.com\/piedalities-petijuma\/#primaryimage"},"image":{"@id":"https:\/\/idarto.com\/piedalities-petijuma\/#primaryimage"},"thumbnailUrl":"https:\/\/i0.wp.com\/idarto.com\/wp-content\/uploads\/2025\/05\/pexels-thirdman-7659565-scaled-e1748258922379.jpg?fit=1560%2C1040&ssl=1","datePublished":"2025-07-19T12:30:53+00:00","dateModified":"2025-08-26T11:12:09+00:00","description":"A study on the relevance of the dimension of spirituality for breast cancer patients.","breadcrumb":{"@id":"https:\/\/idarto.com\/piedalities-petijuma\/#breadcrumb"},"inLanguage":"en-GB","potentialAction":[{"@type":"ReadAction","target":["https:\/\/idarto.com\/piedalities-petijuma\/"]}]},{"@type":"ImageObject","inLanguage":"en-GB","@id":"https:\/\/idarto.com\/piedalities-petijuma\/#primaryimage","url":"https:\/\/i0.wp.com\/idarto.com\/wp-content\/uploads\/2025\/05\/pexels-thirdman-7659565-scaled-e1748258922379.jpg?fit=1560%2C1040&ssl=1","contentUrl":"https:\/\/i0.wp.com\/idarto.com\/wp-content\/uploads\/2025\/05\/pexels-thirdman-7659565-scaled-e1748258922379.jpg?fit=1560%2C1040&ssl=1","width":1560,"height":1040},{"@type":"BreadcrumbList","@id":"https:\/\/idarto.com\/piedalities-petijuma\/#breadcrumb","itemListElement":[{"@type":"ListItem","position":1,"name":"Home","item":"https:\/\/idarto.com\/"},{"@type":"ListItem","position":2,"name":"Piedal\u012bties p\u0113t\u012bjum\u0101"}]},{"@type":"WebSite","@id":"https:\/\/idarto.com\/#website","url":"https:\/\/idarto.com\/","name":"IDARTO Centre","description":"Psycho-emotional support provider - teaching skills that help change.","publisher":{"@id":"https:\/\/idarto.com\/#organization"},"potentialAction":[{"@type":"SearchAction","target":{"@type":"EntryPoint","urlTemplate":"https:\/\/idarto.com\/?s={search_term_string}"},"query-input":{"@type":"PropertyValueSpecification","valueRequired":true,"valueName":"search_term_string"}}],"inLanguage":"en-GB"},{"@type":"Organization","@id":"https:\/\/idarto.com\/#organization","name":"IDARTO Centre","url":"https:\/\/idarto.com\/","logo":{"@type":"ImageObject","inLanguage":"en-GB","@id":"https:\/\/idarto.com\/#\/schema\/logo\/image\/","url":"https:\/\/i0.wp.com\/idarto.com\/wp-content\/uploads\/2025\/04\/1.png?fit=325%2C157&ssl=1","contentUrl":"https:\/\/i0.wp.com\/idarto.com\/wp-content\/uploads\/2025\/04\/1.png?fit=325%2C157&ssl=1","width":325,"height":157,"caption":"ID\u0100RTO Centrs"},"image":{"@id":"https:\/\/idarto.com\/#\/schema\/logo\/image\/"}}]}},"jetpack_sharing_enabled":true,"_links":{"self":[{"href":"https:\/\/idarto.com\/en\/wp-json\/wp\/v2\/pages\/579","targetHints":{"allow":["GET"]}}],"collection":[{"href":"https:\/\/idarto.com\/en\/wp-json\/wp\/v2\/pages"}],"about":[{"href":"https:\/\/idarto.com\/en\/wp-json\/wp\/v2\/types\/page"}],"author":[{"embeddable":true,"href":"https:\/\/idarto.com\/en\/wp-json\/wp\/v2\/users\/1"}],"replies":[{"embeddable":true,"href":"https:\/\/idarto.com\/en\/wp-json\/wp\/v2\/comments?post=579"}],"version-history":[{"count":19,"href":"https:\/\/idarto.com\/en\/wp-json\/wp\/v2\/pages\/579\/revisions"}],"predecessor-version":[{"id":610,"href":"https:\/\/idarto.com\/en\/wp-json\/wp\/v2\/pages\/579\/revisions\/610"}],"wp:featuredmedia":[{"embeddable":true,"href":"https:\/\/idarto.com\/en\/wp-json\/wp\/v2\/media\/290"}],"wp:attachment":[{"href":"https:\/\/idarto.com\/en\/wp-json\/wp\/v2\/media?parent=579"}],"curies":[{"name":"wp","href":"https:\/\/api.w.org\/{rel}","templated":true}]}}