{"id":3,"date":"2025-04-21T15:41:25","date_gmt":"2025-04-21T15:41:25","guid":{"rendered":"http:\/\/box4243\/cgi\/addon_GT.cgi?s=GT::WP::Install::Cpanel+%28rthjzumy%29+-+127.0.0.1+%5Bnocaller%5D\/?page_id=3"},"modified":"2026-02-09T16:24:41","modified_gmt":"2026-02-09T16:24:41","slug":"privacy-policy","status":"publish","type":"page","link":"https:\/\/idarto.com\/en\/privatuma-politika\/","title":{"rendered":"Privacy Policy"},"content":{"rendered":"<p class=\"\">This privacy policy informs about the privacy practices and principles of personal data processing in relation to the website and services of IDARTO SIA. To contact us regarding data processing issues, please email info@idarto.com!<\/p>\n\n\n\n<p class=\"\">Please be aware that some personal data may be processed outside the European Union through trusted service providers (such as Thinkific and Stripe, as mentioned below) that provide adequate data protection measures in accordance with the EU General Data Protection Regulation (GDPR).<\/p>\n\n\n\n<p class=\"\"><strong>What information do we get?<\/strong><\/p>\n\n\n\n<p class=\"\">We collect personal data that you voluntarily provide to us when you complete the http:\/\/www.idarto.com website, https:\/\/divide.thinkific.com\/, our social media profiles and other direct communications with us. Most commonly, you are asked to provide your name, contact details (email and telephone number), delivery address and other information you choose to provide.<\/p>\n\n\n\n<p class=\"\"><strong>How do we use the personal data we collect?<\/strong><\/p>\n\n\n\n<p class=\"\">We may use the personal data collected to:<\/p>\n\n\n\n<ul class=\"wp-block-list\">\n<li class=\"\">contact you about the product or service in which you have expressed an interest;<\/li>\n\n\n\n<li class=\"\">provide you with the services and information you have requested;<\/li>\n\n\n\n<li class=\"\">process your orders and process the necessary paperwork;<\/li>\n\n\n\n<li class=\"\">provide you with effective customer support;<\/li>\n\n\n\n<li class=\"\">help prevent threats or fraudulent activities;<\/li>\n\n\n\n<li class=\"\">to send you information messages about the services provided by IDARTO SIA. If you have opted in to receive newsletters from IDARTO Centre, we may use your email address and telephone number to send you information about news, offers and events. You have the right to withdraw your consent at any time by using the unsubscribe link or by writing to <a>info@idarto.com<\/a>.<\/li>\n\n\n\n<li class=\"\">comply with the requirements of the laws and regulations.<\/li>\n<\/ul>\n\n\n\n<p class=\"\">We may transfer your information to third parties in order to comply with laws and regulations, cooperate with supervisory authorities, help prevent criminal activity and protect our, your and others' legal rights.<\/p>\n\n\n\n<p class=\"\"><strong>How and where is personal data stored?<\/strong><\/p>\n\n\n\n<p class=\"\">Personal data is stored in a secure digital environment using the Thinkific platform, which supports the technical operation of learning content and subscription access and complies with international data protection and information security standards.<\/p>\n\n\n\n<p class=\"\">receive formative messages at any time, using the link in the message or by contacting the IDARTO Centre.<\/p>\n\n\n\n<p class=\"\"><strong>How long do we keep personal data?<\/strong><\/p>\n\n\n\n<p class=\"\">We keep your personal data for as long as we need it for the purpose for which it was collected and as permitted or required by law or regulation.<\/p>\n\n\n\n<p class=\"\"><strong>How do we use cookies?<\/strong><\/p>\n\n\n\n<p class=\"\">Cookies are small text files that websites you visit store on your computer. They are used to keep the website running and to provide information to the website owners.<\/p>\n\n\n\n<p class=\"\">This website may set the following cookies:<\/p>\n\n\n\n<ul class=\"wp-block-list\">\n<li class=\"\">Functional cookies. These cookies are necessary to enable you to navigate the website and use its features. Without these cookies, we cannot provide the services you have requested, such as the functionality of the shopping cart.<\/li>\n\n\n\n<li class=\"\">Google Analytics cookies. These cookies are used to obtain statistics about visits to our website. We use this information to improve the performance of the website and promotional activities.<\/li>\n\n\n\n<li class=\"\">Targeted advertising tool cookies. These cookies are used to increase the effectiveness of advertising and to show you ads that are most likely to be of interest to you.<\/li>\n\n\n\n<li class=\"\">Third party service provider cookies. Cookies may be set by the following third-party services used on this website: the Facebook \u201cLike\u201d button, YouTube videos. Some of these cookies may be used to track your activities on other websites and we cannot control them as these cookies are not set by our website.<\/li>\n<\/ul>\n\n\n\n<p class=\"\"><strong>How do I refuse cookies?<\/strong><\/p>\n\n\n\n<p class=\"\">To opt out of receiving cookies, you can use the private browsing mode provided by most browsers (private window, incognito window or&nbsp;<em>InPrivate<\/em>&nbsp;logs). Any cookies that are created when you are in private browsing mode are deleted as soon as you close all browser windows.<\/p>\n\n\n\n<p class=\"\">To opt out of receiving and using the information you need to display targeted advertising, you can use a free tool&nbsp;<a href=\"https:\/\/www.youronlinechoices.com\/\">Your Online Choices<\/a>&nbsp;or&nbsp;<a href=\"http:\/\/www.aboutads.info\/\">YourAdChoices<\/a>.<\/p>\n\n\n\n<p class=\"\"><strong>How secure is the payment for classes and subscriptions?<\/strong><\/p>\n\n\n\n<p class=\"\">For payment processing, the IDARTO Centre uses the Thinkific Payments platform powered by Stripe, one of the world's most widely used and secure payment processing systems. IDARTO Centre <strong>do not keep and do not see<\/strong> your payment card details or other sensitive payment information. This data is processed by Stripe in accordance with internationally recognised security standards and data protection requirements.<\/p>\n\n\n\n<p class=\"\"><strong>Your rights in relation to your personal data<\/strong><\/p>\n\n\n\n<p class=\"\">If you are a data subject under&nbsp;<a href=\"https:\/\/ec.europa.eu\/info\/law\/law-topic\/data-protection_lv\">EC VDAR<\/a>&nbsp;(for example, you are an EU citizen and provide us with your personal data), you have the following rights in relation to your personal data:<\/p>\n\n\n\n<p class=\"\">Other rights under the GDPR. For more information, visit&nbsp;<a href=\"https:\/\/ec.europa.eu\/info\/law\/law-topic\/data-protection\/reform\/rights-citizens_lv\">EU data protection website<\/a>.<\/p>\n\n\n\n<p class=\"\">Right of access to information. You have the right to be informed about why and how your personal data is processed. You have the right to receive a copy of the personal data we hold about you in a commonly used electronic format free of charge;<\/p>\n\n\n\n<p class=\"\">Right to rectify. You have the right to have inaccurate or incomplete personal data rectified or completed without undue delay;<\/p>\n\n\n\n<p class=\"\">The right to be \u201eforgotten\u201d. You have the right to withdraw your consent to the processing of your personal data and to have your personal data erased without undue delay once the data is no longer necessary to provide the services you have requested and to comply with laws and regulations;<\/p>\n\n\n\n<p class=\"\">Right to restrict processing. You have the right to obtain restriction of the processing of your personal data where you object and we have no legitimate grounds for continuing the processing, where you contest the accuracy of the data, where the processing is unlawful or where you claim to establish, exercise or defend legal claims;<\/p>\n\n\n\n<p class=\"\">Right to object. You have the right to object to processing at any time, unless it is necessary for a task carried out in the public interest or there are compelling legitimate grounds for the processing;<\/p>\n\n\n\n<p class=\"\"><\/p>","protected":false},"excerpt":{"rendered":"<p>\u0160\u012b priv\u0101tuma politika inform\u0113 par priv\u0101tuma praksi un personas datu apstr\u0101des principiem saist\u012bb\u0101 ar ID\u0100RTO SIA m\u0101jas lapu un pakalpojumiem. Lai sazin\u0101tos saist\u012bb\u0101 ar datu apstr\u0101des jaut\u0101jumiem, l\u016bdzu rakstiet e-pastu uz&nbsp;info@idarto.com! Inform\u0113jam, ka da\u013ca personas datu var tikt apstr\u0101d\u0101ti \u0101rpus Eiropas Savien\u012bbas, izmantojot uzticamus pakalpojumu sniedz\u0113jus (piem\u0113ram, Thinkific un Stripe, k\u0101 min\u0113ts t\u0101l\u0101kaj\u0101 tekst\u0101), kuri [&hellip;]<\/p>\n","protected":false},"author":1,"featured_media":922,"parent":0,"menu_order":0,"comment_status":"closed","ping_status":"closed","template":"","meta":{"nf_dc_page":"","footnotes":""},"class_list":["post-3","page","type-page","status-publish","has-post-thumbnail","hentry"],"yoast_head":"<!-- This site is optimized with the Yoast SEO plugin v27.4 - https:\/\/yoast.com\/product\/yoast-seo-wordpress\/ -->\n<title>ID\u0100RTO Centrs - Psihoizgl\u012bto\u0161ana, pa\u0161pal\u012bdz\u012bbas prasmju apguve<\/title>\n<meta name=\"description\" content=\"Iesp\u0113ja uzzin\u0101t par psiholo\u0123iskos principos balst\u012btiem r\u012bkiem, kas paredz\u0113ti prevent\u012bv\u0101m r\u016bp\u0113m par emocion\u0101lo vesel\u012bbu.\" \/>\n<meta name=\"robots\" content=\"index, follow, max-snippet:-1, max-image-preview:large, max-video-preview:-1\" \/>\n<link rel=\"canonical\" href=\"https:\/\/idarto.com\/en\/privacy-policy\/\" \/>\n<meta property=\"og:locale\" content=\"en_GB\" \/>\n<meta property=\"og:type\" content=\"article\" \/>\n<meta property=\"og:title\" content=\"ID\u0100RTO Centrs - Psihoizgl\u012bto\u0161ana, pa\u0161pal\u012bdz\u012bbas prasmju apguve\" \/>\n<meta property=\"og:description\" content=\"Iesp\u0113ja uzzin\u0101t par psiholo\u0123iskos principos balst\u012btiem r\u012bkiem, kas paredz\u0113ti prevent\u012bv\u0101m r\u016bp\u0113m par emocion\u0101lo vesel\u012bbu.\" \/>\n<meta property=\"og:url\" content=\"https:\/\/idarto.com\/en\/privacy-policy\/\" \/>\n<meta property=\"og:site_name\" content=\"ID\u0100RTO Centrs\" \/>\n<meta property=\"article:modified_time\" content=\"2026-02-09T16:24:41+00:00\" \/>\n<meta property=\"og:image\" content=\"https:\/\/idarto.com\/wp-content\/uploads\/2025\/08\/pexels-karolina-grabowska-4968547-scaled.jpg\" \/>\n\t<meta property=\"og:image:width\" content=\"2560\" \/>\n\t<meta property=\"og:image:height\" content=\"1707\" \/>\n\t<meta property=\"og:image:type\" content=\"image\/jpeg\" \/>\n<meta name=\"twitter:card\" content=\"summary_large_image\" \/>\n<meta name=\"twitter:title\" content=\"ID\u0100RTO Centrs - Psihoizgl\u012bto\u0161ana, pa\u0161pal\u012bdz\u012bbas prasmju apguve\" \/>\n<meta name=\"twitter:description\" content=\"Iesp\u0113ja uzzin\u0101t par psiholo\u0123iskos principos balst\u012btiem r\u012bkiem, kas paredz\u0113ti prevent\u012bv\u0101m r\u016bp\u0113m par emocion\u0101lo vesel\u012bbu.\" \/>\n<meta name=\"twitter:image\" content=\"https:\/\/i0.wp.com\/idarto.com\/wp-content\/uploads\/2025\/08\/pexels-karolina-grabowska-4968547-scaled.jpg?fit=2560%2C1707&ssl=1\" \/>\n<meta name=\"twitter:label1\" content=\"Estimated reading time\" \/>\n\t<meta name=\"twitter:data1\" content=\"4 minutes\" \/>\n<script type=\"application\/ld+json\" class=\"yoast-schema-graph\">{\"@context\":\"https:\\\/\\\/schema.org\",\"@graph\":[{\"@type\":\"WebPage\",\"@id\":\"https:\\\/\\\/idarto.com\\\/privatuma-politika\\\/\",\"url\":\"https:\\\/\\\/idarto.com\\\/privatuma-politika\\\/\",\"name\":\"ID\u0100RTO Centrs - Psihoizgl\u012bto\u0161ana, pa\u0161pal\u012bdz\u012bbas prasmju apguve\",\"isPartOf\":{\"@id\":\"https:\\\/\\\/idarto.com\\\/#website\"},\"primaryImageOfPage\":{\"@id\":\"https:\\\/\\\/idarto.com\\\/privatuma-politika\\\/#primaryimage\"},\"image\":{\"@id\":\"https:\\\/\\\/idarto.com\\\/privatuma-politika\\\/#primaryimage\"},\"thumbnailUrl\":\"https:\\\/\\\/i0.wp.com\\\/idarto.com\\\/wp-content\\\/uploads\\\/2025\\\/08\\\/pexels-karolina-grabowska-4968547-scaled.jpg?fit=2560%2C1707&ssl=1\",\"datePublished\":\"2025-04-21T15:41:25+00:00\",\"dateModified\":\"2026-02-09T16:24:41+00:00\",\"description\":\"Iesp\u0113ja uzzin\u0101t par psiholo\u0123iskos principos balst\u012btiem r\u012bkiem, kas paredz\u0113ti prevent\u012bv\u0101m r\u016bp\u0113m par emocion\u0101lo vesel\u012bbu.\",\"breadcrumb\":{\"@id\":\"https:\\\/\\\/idarto.com\\\/privatuma-politika\\\/#breadcrumb\"},\"inLanguage\":\"en-GB\",\"potentialAction\":[{\"@type\":\"ReadAction\",\"target\":[\"https:\\\/\\\/idarto.com\\\/privatuma-politika\\\/\"]}]},{\"@type\":\"ImageObject\",\"inLanguage\":\"en-GB\",\"@id\":\"https:\\\/\\\/idarto.com\\\/privatuma-politika\\\/#primaryimage\",\"url\":\"https:\\\/\\\/i0.wp.com\\\/idarto.com\\\/wp-content\\\/uploads\\\/2025\\\/08\\\/pexels-karolina-grabowska-4968547-scaled.jpg?fit=2560%2C1707&ssl=1\",\"contentUrl\":\"https:\\\/\\\/i0.wp.com\\\/idarto.com\\\/wp-content\\\/uploads\\\/2025\\\/08\\\/pexels-karolina-grabowska-4968547-scaled.jpg?fit=2560%2C1707&ssl=1\",\"width\":2560,\"height\":1707,\"caption\":\"prasme main\u012bties\"},{\"@type\":\"BreadcrumbList\",\"@id\":\"https:\\\/\\\/idarto.com\\\/privatuma-politika\\\/#breadcrumb\",\"itemListElement\":[{\"@type\":\"ListItem\",\"position\":1,\"name\":\"Home\",\"item\":\"https:\\\/\\\/idarto.com\\\/\"},{\"@type\":\"ListItem\",\"position\":2,\"name\":\"Priv\u0101tuma politika\"}]},{\"@type\":\"WebSite\",\"@id\":\"https:\\\/\\\/idarto.com\\\/#website\",\"url\":\"https:\\\/\\\/idarto.com\\\/\",\"name\":\"ID\u0100RTO Centrs\",\"description\":\"Psihoemocion\u0101l\u0101 atbalsts sniedz\u0113js - m\u0101c\u0101m prasmes, kas pal\u012bdz main\u012bties.\",\"publisher\":{\"@id\":\"https:\\\/\\\/idarto.com\\\/#organization\"},\"potentialAction\":[{\"@type\":\"SearchAction\",\"target\":{\"@type\":\"EntryPoint\",\"urlTemplate\":\"https:\\\/\\\/idarto.com\\\/?s={search_term_string}\"},\"query-input\":{\"@type\":\"PropertyValueSpecification\",\"valueRequired\":true,\"valueName\":\"search_term_string\"}}],\"inLanguage\":\"en-GB\"},{\"@type\":\"Organization\",\"@id\":\"https:\\\/\\\/idarto.com\\\/#organization\",\"name\":\"ID\u0100RTO Centrs\",\"url\":\"https:\\\/\\\/idarto.com\\\/\",\"logo\":{\"@type\":\"ImageObject\",\"inLanguage\":\"en-GB\",\"@id\":\"https:\\\/\\\/idarto.com\\\/#\\\/schema\\\/logo\\\/image\\\/\",\"url\":\"https:\\\/\\\/i0.wp.com\\\/idarto.com\\\/wp-content\\\/uploads\\\/2025\\\/04\\\/1.png?fit=325%2C157&ssl=1\",\"contentUrl\":\"https:\\\/\\\/i0.wp.com\\\/idarto.com\\\/wp-content\\\/uploads\\\/2025\\\/04\\\/1.png?fit=325%2C157&ssl=1\",\"width\":325,\"height\":157,\"caption\":\"ID\u0100RTO Centrs\"},\"image\":{\"@id\":\"https:\\\/\\\/idarto.com\\\/#\\\/schema\\\/logo\\\/image\\\/\"}}]}<\/script>\n<!-- \/ Yoast SEO plugin. -->","yoast_head_json":{"title":"IDARTO Centre - Psychoeducation, self-help skills","description":"An opportunity to learn about tools based on psychological principles for preventive emotional health care.","robots":{"index":"index","follow":"follow","max-snippet":"max-snippet:-1","max-image-preview":"max-image-preview:large","max-video-preview":"max-video-preview:-1"},"canonical":"https:\/\/idarto.com\/en\/privacy-policy\/","og_locale":"en_GB","og_type":"article","og_title":"ID\u0100RTO Centrs - Psihoizgl\u012bto\u0161ana, pa\u0161pal\u012bdz\u012bbas prasmju apguve","og_description":"Iesp\u0113ja uzzin\u0101t par psiholo\u0123iskos principos balst\u012btiem r\u012bkiem, kas paredz\u0113ti prevent\u012bv\u0101m r\u016bp\u0113m par emocion\u0101lo vesel\u012bbu.","og_url":"https:\/\/idarto.com\/en\/privacy-policy\/","og_site_name":"ID\u0100RTO Centrs","article_modified_time":"2026-02-09T16:24:41+00:00","og_image":[{"width":2560,"height":1707,"url":"https:\/\/idarto.com\/wp-content\/uploads\/2025\/08\/pexels-karolina-grabowska-4968547-scaled.jpg","type":"image\/jpeg"}],"twitter_card":"summary_large_image","twitter_title":"ID\u0100RTO Centrs - Psihoizgl\u012bto\u0161ana, pa\u0161pal\u012bdz\u012bbas prasmju apguve","twitter_description":"Iesp\u0113ja uzzin\u0101t par psiholo\u0123iskos principos balst\u012btiem r\u012bkiem, kas paredz\u0113ti prevent\u012bv\u0101m r\u016bp\u0113m par emocion\u0101lo vesel\u012bbu.","twitter_image":"https:\/\/i0.wp.com\/idarto.com\/wp-content\/uploads\/2025\/08\/pexels-karolina-grabowska-4968547-scaled.jpg?fit=2560%2C1707&ssl=1","twitter_misc":{"Estimated reading time":"4 minutes"},"schema":{"@context":"https:\/\/schema.org","@graph":[{"@type":"WebPage","@id":"https:\/\/idarto.com\/privatuma-politika\/","url":"https:\/\/idarto.com\/privatuma-politika\/","name":"IDARTO Centre - Psychoeducation, self-help skills","isPartOf":{"@id":"https:\/\/idarto.com\/#website"},"primaryImageOfPage":{"@id":"https:\/\/idarto.com\/privatuma-politika\/#primaryimage"},"image":{"@id":"https:\/\/idarto.com\/privatuma-politika\/#primaryimage"},"thumbnailUrl":"https:\/\/i0.wp.com\/idarto.com\/wp-content\/uploads\/2025\/08\/pexels-karolina-grabowska-4968547-scaled.jpg?fit=2560%2C1707&ssl=1","datePublished":"2025-04-21T15:41:25+00:00","dateModified":"2026-02-09T16:24:41+00:00","description":"An opportunity to learn about tools based on psychological principles for preventive emotional health care.","breadcrumb":{"@id":"https:\/\/idarto.com\/privatuma-politika\/#breadcrumb"},"inLanguage":"en-GB","potentialAction":[{"@type":"ReadAction","target":["https:\/\/idarto.com\/privatuma-politika\/"]}]},{"@type":"ImageObject","inLanguage":"en-GB","@id":"https:\/\/idarto.com\/privatuma-politika\/#primaryimage","url":"https:\/\/i0.wp.com\/idarto.com\/wp-content\/uploads\/2025\/08\/pexels-karolina-grabowska-4968547-scaled.jpg?fit=2560%2C1707&ssl=1","contentUrl":"https:\/\/i0.wp.com\/idarto.com\/wp-content\/uploads\/2025\/08\/pexels-karolina-grabowska-4968547-scaled.jpg?fit=2560%2C1707&ssl=1","width":2560,"height":1707,"caption":"prasme main\u012bties"},{"@type":"BreadcrumbList","@id":"https:\/\/idarto.com\/privatuma-politika\/#breadcrumb","itemListElement":[{"@type":"ListItem","position":1,"name":"Home","item":"https:\/\/idarto.com\/"},{"@type":"ListItem","position":2,"name":"Priv\u0101tuma politika"}]},{"@type":"WebSite","@id":"https:\/\/idarto.com\/#website","url":"https:\/\/idarto.com\/","name":"IDARTO Centre","description":"Psycho-emotional support provider - teaching skills that help change.","publisher":{"@id":"https:\/\/idarto.com\/#organization"},"potentialAction":[{"@type":"SearchAction","target":{"@type":"EntryPoint","urlTemplate":"https:\/\/idarto.com\/?s={search_term_string}"},"query-input":{"@type":"PropertyValueSpecification","valueRequired":true,"valueName":"search_term_string"}}],"inLanguage":"en-GB"},{"@type":"Organization","@id":"https:\/\/idarto.com\/#organization","name":"IDARTO Centre","url":"https:\/\/idarto.com\/","logo":{"@type":"ImageObject","inLanguage":"en-GB","@id":"https:\/\/idarto.com\/#\/schema\/logo\/image\/","url":"https:\/\/i0.wp.com\/idarto.com\/wp-content\/uploads\/2025\/04\/1.png?fit=325%2C157&ssl=1","contentUrl":"https:\/\/i0.wp.com\/idarto.com\/wp-content\/uploads\/2025\/04\/1.png?fit=325%2C157&ssl=1","width":325,"height":157,"caption":"ID\u0100RTO Centrs"},"image":{"@id":"https:\/\/idarto.com\/#\/schema\/logo\/image\/"}}]}},"jetpack_sharing_enabled":true,"_links":{"self":[{"href":"https:\/\/idarto.com\/en\/wp-json\/wp\/v2\/pages\/3","targetHints":{"allow":["GET"]}}],"collection":[{"href":"https:\/\/idarto.com\/en\/wp-json\/wp\/v2\/pages"}],"about":[{"href":"https:\/\/idarto.com\/en\/wp-json\/wp\/v2\/types\/page"}],"author":[{"embeddable":true,"href":"https:\/\/idarto.com\/en\/wp-json\/wp\/v2\/users\/1"}],"replies":[{"embeddable":true,"href":"https:\/\/idarto.com\/en\/wp-json\/wp\/v2\/comments?post=3"}],"version-history":[{"count":3,"href":"https:\/\/idarto.com\/en\/wp-json\/wp\/v2\/pages\/3\/revisions"}],"predecessor-version":[{"id":1713,"href":"https:\/\/idarto.com\/en\/wp-json\/wp\/v2\/pages\/3\/revisions\/1713"}],"wp:featuredmedia":[{"embeddable":true,"href":"https:\/\/idarto.com\/en\/wp-json\/wp\/v2\/media\/922"}],"wp:attachment":[{"href":"https:\/\/idarto.com\/en\/wp-json\/wp\/v2\/media?parent=3"}],"curies":[{"name":"wp","href":"https:\/\/api.w.org\/{rel}","templated":true}]}}