{"id":1722,"date":"2026-02-24T17:51:16","date_gmt":"2026-02-24T17:51:16","guid":{"rendered":"https:\/\/idarto.com\/my-account\/"},"modified":"2026-03-28T21:32:10","modified_gmt":"2026-03-28T19:32:10","slug":"my-account","status":"publish","type":"page","link":"https:\/\/idarto.com\/en\/my-account\/","title":{"rendered":"Your idarto.com account"},"content":{"rendered":"<div class=\"woocommerce\"><\/div>","protected":false},"excerpt":{"rendered":"","protected":false},"author":1,"featured_media":0,"parent":0,"menu_order":0,"comment_status":"closed","ping_status":"closed","template":"","meta":{"nf_dc_page":"","footnotes":""},"class_list":["post-1722","page","type-page","status-publish","hentry"],"yoast_head":"<!-- This site is optimized with the Yoast SEO plugin v27.6 - https:\/\/yoast.com\/product\/yoast-seo-wordpress\/ -->\n<title>J\u016bsu idarto.com konts - ID\u0100RTO Centrs<\/title>\n<meta name=\"robots\" content=\"index, follow, max-snippet:-1, max-image-preview:large, max-video-preview:-1\" \/>\n<link rel=\"canonical\" href=\"https:\/\/idarto.com\/en\/my-account\/\" \/>\n<meta property=\"og:locale\" content=\"en_GB\" \/>\n<meta property=\"og:type\" content=\"article\" \/>\n<meta property=\"og:title\" content=\"J\u016bsu idarto.com konts - ID\u0100RTO Centrs\" \/>\n<meta property=\"og:url\" content=\"https:\/\/idarto.com\/en\/my-account\/\" \/>\n<meta property=\"og:site_name\" content=\"ID\u0100RTO Centrs\" \/>\n<meta property=\"article:modified_time\" content=\"2026-03-28T19:32:10+00:00\" \/>\n<meta property=\"og:image\" content=\"https:\/\/i0.wp.com\/idarto.com\/wp-content\/uploads\/2026\/03\/Screenshot-2026-03-23-at-10.22.00.png?fit=480%2C204&ssl=1\" \/>\n\t<meta property=\"og:image:width\" content=\"480\" \/>\n\t<meta property=\"og:image:height\" content=\"204\" \/>\n\t<meta property=\"og:image:type\" content=\"image\/png\" \/>\n<meta name=\"twitter:card\" content=\"summary_large_image\" \/>\n<meta name=\"twitter:label1\" content=\"Estimated reading time\" \/>\n\t<meta name=\"twitter:data1\" content=\"1 minute\" \/>\n<script type=\"application\/ld+json\" class=\"yoast-schema-graph\">{\"@context\":\"https:\\\/\\\/schema.org\",\"@graph\":[{\"@type\":\"WebPage\",\"@id\":\"https:\\\/\\\/idarto.com\\\/my-account\\\/\",\"url\":\"https:\\\/\\\/idarto.com\\\/my-account\\\/\",\"name\":\"J\u016bsu idarto.com konts - ID\u0100RTO Centrs\",\"isPartOf\":{\"@id\":\"https:\\\/\\\/idarto.com\\\/#website\"},\"datePublished\":\"2026-02-24T17:51:16+00:00\",\"dateModified\":\"2026-03-28T19:32:10+00:00\",\"breadcrumb\":{\"@id\":\"https:\\\/\\\/idarto.com\\\/my-account\\\/#breadcrumb\"},\"inLanguage\":\"en-GB\",\"potentialAction\":[{\"@type\":\"ReadAction\",\"target\":[\"https:\\\/\\\/idarto.com\\\/my-account\\\/\"]}]},{\"@type\":\"BreadcrumbList\",\"@id\":\"https:\\\/\\\/idarto.com\\\/my-account\\\/#breadcrumb\",\"itemListElement\":[{\"@type\":\"ListItem\",\"position\":1,\"name\":\"Home\",\"item\":\"https:\\\/\\\/idarto.com\\\/\"},{\"@type\":\"ListItem\",\"position\":2,\"name\":\"J\u016bsu idarto.com konts\"}]},{\"@type\":\"WebSite\",\"@id\":\"https:\\\/\\\/idarto.com\\\/#website\",\"url\":\"https:\\\/\\\/idarto.com\\\/\",\"name\":\"ID\u0100RTO Centrs\",\"description\":\"Psihoemocion\u0101l\u0101 atbalsts sniedz\u0113js - m\u0101c\u0101m prasmes, kas pal\u012bdz main\u012bties.\",\"publisher\":{\"@id\":\"https:\\\/\\\/idarto.com\\\/#organization\"},\"potentialAction\":[{\"@type\":\"SearchAction\",\"target\":{\"@type\":\"EntryPoint\",\"urlTemplate\":\"https:\\\/\\\/idarto.com\\\/?s={search_term_string}\"},\"query-input\":{\"@type\":\"PropertyValueSpecification\",\"valueRequired\":true,\"valueName\":\"search_term_string\"}}],\"inLanguage\":\"en-GB\"},{\"@type\":\"Organization\",\"@id\":\"https:\\\/\\\/idarto.com\\\/#organization\",\"name\":\"ID\u0100RTO Centrs\",\"url\":\"https:\\\/\\\/idarto.com\\\/\",\"logo\":{\"@type\":\"ImageObject\",\"inLanguage\":\"en-GB\",\"@id\":\"https:\\\/\\\/idarto.com\\\/#\\\/schema\\\/logo\\\/image\\\/\",\"url\":\"https:\\\/\\\/i0.wp.com\\\/idarto.com\\\/wp-content\\\/uploads\\\/2025\\\/04\\\/1.png?fit=325%2C157&ssl=1\",\"contentUrl\":\"https:\\\/\\\/i0.wp.com\\\/idarto.com\\\/wp-content\\\/uploads\\\/2025\\\/04\\\/1.png?fit=325%2C157&ssl=1\",\"width\":325,\"height\":157,\"caption\":\"ID\u0100RTO Centrs\"},\"image\":{\"@id\":\"https:\\\/\\\/idarto.com\\\/#\\\/schema\\\/logo\\\/image\\\/\"}}]}<\/script>\n<!-- \/ Yoast SEO plugin. -->","yoast_head_json":{"title":"Your idarto.com account - IDARTO Centre","robots":{"index":"index","follow":"follow","max-snippet":"max-snippet:-1","max-image-preview":"max-image-preview:large","max-video-preview":"max-video-preview:-1"},"canonical":"https:\/\/idarto.com\/en\/my-account\/","og_locale":"en_GB","og_type":"article","og_title":"J\u016bsu idarto.com konts - ID\u0100RTO Centrs","og_url":"https:\/\/idarto.com\/en\/my-account\/","og_site_name":"ID\u0100RTO Centrs","article_modified_time":"2026-03-28T19:32:10+00:00","og_image":[{"width":480,"height":204,"url":"https:\/\/i0.wp.com\/idarto.com\/wp-content\/uploads\/2026\/03\/Screenshot-2026-03-23-at-10.22.00.png?fit=480%2C204&ssl=1","type":"image\/png"}],"twitter_card":"summary_large_image","twitter_misc":{"Estimated reading time":"1 minute"},"schema":{"@context":"https:\/\/schema.org","@graph":[{"@type":"WebPage","@id":"https:\/\/idarto.com\/my-account\/","url":"https:\/\/idarto.com\/my-account\/","name":"Your idarto.com account - IDARTO Centre","isPartOf":{"@id":"https:\/\/idarto.com\/#website"},"datePublished":"2026-02-24T17:51:16+00:00","dateModified":"2026-03-28T19:32:10+00:00","breadcrumb":{"@id":"https:\/\/idarto.com\/my-account\/#breadcrumb"},"inLanguage":"en-GB","potentialAction":[{"@type":"ReadAction","target":["https:\/\/idarto.com\/my-account\/"]}]},{"@type":"BreadcrumbList","@id":"https:\/\/idarto.com\/my-account\/#breadcrumb","itemListElement":[{"@type":"ListItem","position":1,"name":"Home","item":"https:\/\/idarto.com\/"},{"@type":"ListItem","position":2,"name":"J\u016bsu idarto.com konts"}]},{"@type":"WebSite","@id":"https:\/\/idarto.com\/#website","url":"https:\/\/idarto.com\/","name":"IDARTO Centre","description":"Psycho-emotional support provider - teaching skills that help change.","publisher":{"@id":"https:\/\/idarto.com\/#organization"},"potentialAction":[{"@type":"SearchAction","target":{"@type":"EntryPoint","urlTemplate":"https:\/\/idarto.com\/?s={search_term_string}"},"query-input":{"@type":"PropertyValueSpecification","valueRequired":true,"valueName":"search_term_string"}}],"inLanguage":"en-GB"},{"@type":"Organization","@id":"https:\/\/idarto.com\/#organization","name":"IDARTO Centre","url":"https:\/\/idarto.com\/","logo":{"@type":"ImageObject","inLanguage":"en-GB","@id":"https:\/\/idarto.com\/#\/schema\/logo\/image\/","url":"https:\/\/i0.wp.com\/idarto.com\/wp-content\/uploads\/2025\/04\/1.png?fit=325%2C157&ssl=1","contentUrl":"https:\/\/i0.wp.com\/idarto.com\/wp-content\/uploads\/2025\/04\/1.png?fit=325%2C157&ssl=1","width":325,"height":157,"caption":"ID\u0100RTO Centrs"},"image":{"@id":"https:\/\/idarto.com\/#\/schema\/logo\/image\/"}}]}},"jetpack_sharing_enabled":true,"_links":{"self":[{"href":"https:\/\/idarto.com\/en\/wp-json\/wp\/v2\/pages\/1722","targetHints":{"allow":["GET"]}}],"collection":[{"href":"https:\/\/idarto.com\/en\/wp-json\/wp\/v2\/pages"}],"about":[{"href":"https:\/\/idarto.com\/en\/wp-json\/wp\/v2\/types\/page"}],"author":[{"embeddable":true,"href":"https:\/\/idarto.com\/en\/wp-json\/wp\/v2\/users\/1"}],"replies":[{"embeddable":true,"href":"https:\/\/idarto.com\/en\/wp-json\/wp\/v2\/comments?post=1722"}],"version-history":[{"count":2,"href":"https:\/\/idarto.com\/en\/wp-json\/wp\/v2\/pages\/1722\/revisions"}],"predecessor-version":[{"id":1963,"href":"https:\/\/idarto.com\/en\/wp-json\/wp\/v2\/pages\/1722\/revisions\/1963"}],"wp:attachment":[{"href":"https:\/\/idarto.com\/en\/wp-json\/wp\/v2\/media?parent=1722"}],"curies":[{"name":"wp","href":"https:\/\/api.w.org\/{rel}","templated":true}]}}