{"id":1720,"date":"2026-02-24T17:51:16","date_gmt":"2026-02-24T17:51:16","guid":{"rendered":"https:\/\/idarto.com\/cart\/"},"modified":"2026-03-29T15:15:52","modified_gmt":"2026-03-29T13:15:52","slug":"cart","status":"publish","type":"page","link":"https:\/\/idarto.com\/en\/grozs\/","title":{"rendered":"Cart"},"content":{"rendered":"\n<div data-block-name=\"woocommerce\/cart\" class=\"wp-block-woocommerce-cart alignwide is-loading\">\n<div data-block-name=\"woocommerce\/filled-cart-block\" class=\"wp-block-woocommerce-filled-cart-block\">\n<div data-block-name=\"woocommerce\/cart-items-block\" class=\"wp-block-woocommerce-cart-items-block\">\n<div data-block-name=\"woocommerce\/cart-line-items-block\" class=\"wp-block-woocommerce-cart-line-items-block\"><\/div>\n\n\n<\/div>\n\n\n\n<div data-block-name=\"woocommerce\/cart-totals-block\" class=\"wp-block-woocommerce-cart-totals-block\">\n<div data-block-name=\"woocommerce\/cart-order-summary-block\" class=\"wp-block-woocommerce-cart-order-summary-block\">\n<div data-block-name=\"woocommerce\/cart-order-summary-heading-block\" class=\"wp-block-woocommerce-cart-order-summary-heading-block\"><\/div>\n\n\n\n<div data-block-name=\"woocommerce\/cart-order-summary-coupon-form-block\" class=\"wp-block-woocommerce-cart-order-summary-coupon-form-block\"><\/div>\n\n\n\n<div data-block-name=\"woocommerce\/cart-order-summary-totals-block\" class=\"wp-block-woocommerce-cart-order-summary-totals-block\">\n<div data-block-name=\"woocommerce\/cart-order-summary-subtotal-block\" class=\"wp-block-woocommerce-cart-order-summary-subtotal-block\"><\/div>\n\n\n\n<div data-block-name=\"woocommerce\/cart-order-summary-fee-block\" class=\"wp-block-woocommerce-cart-order-summary-fee-block\"><\/div>\n\n\n\n<div data-block-name=\"woocommerce\/cart-order-summary-discount-block\" class=\"wp-block-woocommerce-cart-order-summary-discount-block\"><\/div>\n\n\n\n<div data-block-name=\"woocommerce\/cart-order-summary-shipping-block\" class=\"wp-block-woocommerce-cart-order-summary-shipping-block\"><\/div>\n\n\n\n<div data-block-name=\"woocommerce\/cart-order-summary-taxes-block\" class=\"wp-block-woocommerce-cart-order-summary-taxes-block\"><\/div>\n<\/div>\n<\/div>\n\n\n\n<div data-block-name=\"woocommerce\/cart-express-payment-block\" class=\"wp-block-woocommerce-cart-express-payment-block\"><\/div>\n\n\n\n<div data-block-name=\"woocommerce\/proceed-to-checkout-block\" class=\"wp-block-woocommerce-proceed-to-checkout-block\"><\/div>\n<div id=\"ppcp-recaptcha-v2-container\" style=\"margin:20px 0;\"><\/div>\n\n\n<div data-block-name=\"woocommerce\/cart-accepted-payment-methods-block\" class=\"wp-block-woocommerce-cart-accepted-payment-methods-block\"><\/div>\n<\/div>\n<\/div>\n\n\n\n<div data-block-name=\"woocommerce\/empty-cart-block\" class=\"wp-block-woocommerce-empty-cart-block\">\n<h2 class=\"with-empty-cart-icon wc-block-cart__empty-cart__title wp-block-heading has-text-align-center\">J\u016bsu grozs ir tuk\u0161s.<\/h2>\n\n\n\n<hr class=\"is-style-default wp-block-separator has-alpha-channel-opacity\"\/>\n\n\n\n<h2 class=\"wp-block-heading has-text-align-center\">Pieejamie produkti<\/h2>\n\n\n<div data-block-name=\"woocommerce\/product-new\" data-columns=\"4\" data-rows=\"1\" data-stock-status=\"[&quot;&quot;,&quot;instock&quot;,&quot;outofstock&quot;,&quot;onbackorder&quot;]\" class=\"wc-block-grid wp-block-product-new wp-block-woocommerce-product-new wc-block-product-new has-4-columns\"><ul class=\"wc-block-grid__products\"><li class=\"wc-block-grid__product\">\n\t\t\t\t<a href=\"https:\/\/idarto.com\/en\/product\/psihologs-kabata\/\" class=\"wc-block-grid__product-link\">\n\t\t\t\t\t<div class=\"wc-block-grid__product-onsale\">\n\t\t\t<span aria-hidden=\"true\">Sale<\/span>\n\t\t\t<span class=\"screen-reader-text\">Product on sale<\/span>\n\t\t<\/div>\n\t\t\t\t\t<div class=\"wc-block-grid__product-image\"><img data-recalc-dims=\"1\" decoding=\"async\" width=\"300\" height=\"300\" src=\"https:\/\/i0.wp.com\/idarto.com\/wp-content\/uploads\/2026\/02\/IMG_3312.jpg?resize=300%2C300&#038;ssl=1\" class=\"attachment-woocommerce_thumbnail size-woocommerce_thumbnail\" alt=\"Psihologs kabat\u0101\" srcset=\"https:\/\/i0.wp.com\/idarto.com\/wp-content\/uploads\/2026\/02\/IMG_3312.jpg?resize=300%2C300&amp;ssl=1 300w, https:\/\/i0.wp.com\/idarto.com\/wp-content\/uploads\/2026\/02\/IMG_3312.jpg?resize=150%2C150&amp;ssl=1 150w, https:\/\/i0.wp.com\/idarto.com\/wp-content\/uploads\/2026\/02\/IMG_3312.jpg?zoom=2&amp;resize=300%2C300&amp;ssl=1 600w, https:\/\/i0.wp.com\/idarto.com\/wp-content\/uploads\/2026\/02\/IMG_3312.jpg?zoom=3&amp;resize=300%2C300&amp;ssl=1 900w\" sizes=\"(max-width: 300px) 100vw, 300px\" \/><\/div>\n\t\t\t\t\t<div class=\"wc-block-grid__product-title\">Kart\u012b\u0161u komplekts &#8220;Psihologs kabat\u0101&#8221;<\/div>\n\t\t\t\t<\/a>\n\t\t\t\t<div class=\"wc-block-grid__product-price price\"><del aria-hidden=\"true\"><span class=\"woocommerce-Price-amount amount\"><span class=\"woocommerce-Price-currencySymbol\">&euro;<\/span>29,50<\/span><\/del> <span class=\"screen-reader-text\">Original price was: &euro;29,50.<\/span><ins aria-hidden=\"true\"><span class=\"woocommerce-Price-amount amount\"><span class=\"woocommerce-Price-currencySymbol\">&euro;<\/span>27,00<\/span><\/ins><span class=\"screen-reader-text\">Current price is: &euro;27,00.<\/span><\/div>\n\t\t\t\t\n\t\t\t\t<div class=\"wp-block-button wc-block-grid__product-add-to-cart\"><a href=\"\/en\/wp-json\/wp\/v2\/pages\/1720?add-to-cart=1725\" aria-label=\"Add to basket: &ldquo;Kart\u012b\u0161u komplekts &quot;Psihologs kabat\u0101&quot;&rdquo;\" data-quantity=\"1\" data-product_id=\"1725\" data-product_sku=\"\" data-price=\"27\" rel=\"nofollow\" class=\"wp-block-button__link wp-element-button add_to_cart_button ajax_add_to_cart\">Add to cart<\/a><\/div>\n\t\t\t<\/li><\/ul><\/div>\n\n<div class=\"trp-block-container\"><div class=\"trp-shortcode-switcher__wrapper\"\r\n     style=\"--bg:#ffffff;--bg-hover:#0000000d;--text:#143852;--text-hover:#1d2327;--border:1px solid #1438521a;--border-width:1px;--border-color:#1438521a;--border-radius:5px;--flag-radius:100px;--flag-size:18px;--aspect-ratio:1;--font-size:14px;--transition-duration:0.2s\"\r\n     role=\"group\"\r\n     data-open-mode=\"hover\">\r\n\r\n    \r\n        <!-- ANCHOR (in-flow only; sizing\/borders; inert) -->\r\n        <div class=\"trp-language-switcher trp-ls-dropdown trp-shortcode-switcher trp-shortcode-anchor trp-open-on-hover\"\r\n             aria-hidden=\"true\"\r\n             inert\r\n             data-no-translation>\r\n                <div class=\"trp-current-language-item__wrapper\">\r\n        <a class=\"trp-language-item trp-language-item__default trp-language-item__current\" data-no-translation href=\"https:\/\/idarto.com\/en\/wp-json\/wp\/v2\/pages\/1720#TRPLINKPROCESSED\" title=\"EN\"><img decoding=\"async\" src=\"https:\/\/idarto.com\/wp-content\/plugins\/translatepress-multilingual\/assets\/flags\/1x1\/en_GB.svg\" class=\"trp-flag-image trp-flag-square\" alt=\"\" role=\"presentation\" loading=\"lazy\" \/><span class=\"trp-language-item-name\">EN<\/span><\/a>                    <svg class=\"trp-shortcode-arrow\" width=\"20\" height=\"20\" viewBox=\"0 0 20 21\" fill=\"none\" aria-hidden=\"true\" focusable=\"false\" xmlns=\"http:\/\/www.w3.org\/2000\/svg\">\r\n                <path d=\"M5 8L10 13L15 8\" stroke=\"var(--text)\" stroke-width=\"2\" stroke-linecap=\"round\" stroke-linejoin=\"round\"\/>\r\n            <\/svg>\r\n            <\/div>\r\n            <\/div>\r\n\r\n        <!-- OVERLAY (positioned; interactive surface) -->\r\n        <div class=\"trp-language-switcher trp-ls-dropdown trp-shortcode-switcher trp-shortcode-overlay trp-open-on-hover\"\r\n             role=\"navigation\"\r\n             aria-label=\"Website language selector\"\r\n             data-no-translation\r\n        >\r\n                <div class=\"trp-current-language-item__wrapper\">\r\n        <div class=\"trp-language-item trp-language-item__default trp-language-item__current\" data-no-translation role=\"button\" aria-expanded=\"false\" tabindex=\"0\" aria-label=\"Change language\" aria-controls=\"trp-shortcode-dropdown-69e8f15e9718a\"><img decoding=\"async\" src=\"https:\/\/idarto.com\/wp-content\/plugins\/translatepress-multilingual\/assets\/flags\/1x1\/en_GB.svg\" class=\"trp-flag-image trp-flag-square\" alt=\"\" role=\"presentation\" loading=\"lazy\" \/><span class=\"trp-language-item-name\">EN<\/span><\/div>                    <svg class=\"trp-shortcode-arrow\" width=\"20\" height=\"20\" viewBox=\"0 0 20 21\" fill=\"none\" aria-hidden=\"true\" focusable=\"false\" xmlns=\"http:\/\/www.w3.org\/2000\/svg\">\r\n                <path d=\"M5 8L10 13L15 8\" stroke=\"var(--text)\" stroke-width=\"2\" stroke-linecap=\"round\" stroke-linejoin=\"round\"\/>\r\n            <\/svg>\r\n            <\/div>\r\n    \r\n            <div class=\"trp-switcher-dropdown-list\"\r\n                 id=\"trp-shortcode-dropdown-69e8f15e9718a\"\r\n                 role=\"group\"\r\n                 aria-label=\"Available languages\"\r\n                 hidden\r\n                 inert\r\n            >\r\n                                                            <a class=\"trp-language-item\" href=\"https:\/\/idarto.com\/en\/wp-json\/wp\/v2\/pages\/1720#TRPLINKPROCESSED\" title=\"LV\">\r\n                            <img decoding=\"async\" src=\"https:\/\/idarto.com\/wp-content\/plugins\/translatepress-multilingual\/assets\/flags\/1x1\/lv.svg\" class=\"trp-flag-image trp-flag-square\" alt=\"\" role=\"presentation\" loading=\"lazy\" \/>                                                            <span class=\"trp-language-item-name\" data-no-translation>LV<\/span>\r\n                                                                                <\/a>\r\n                                                <\/div>\r\n        <\/div>\r\n\r\n    <\/div>\r\n<\/div><\/div>\n<\/div>\n","protected":false},"excerpt":{"rendered":"","protected":false},"author":1,"featured_media":0,"parent":0,"menu_order":0,"comment_status":"closed","ping_status":"closed","template":"","meta":{"nf_dc_page":"","footnotes":""},"class_list":["post-1720","page","type-page","status-publish","hentry"],"yoast_head":"<!-- This site is optimized with the Yoast SEO plugin v27.4 - https:\/\/yoast.com\/product\/yoast-seo-wordpress\/ -->\n<title>Grozs - ID\u0100RTO Centrs<\/title>\n<meta name=\"robots\" content=\"index, follow, max-snippet:-1, max-image-preview:large, max-video-preview:-1\" \/>\n<link rel=\"canonical\" href=\"https:\/\/idarto.com\/en\/cart\/\" \/>\n<meta property=\"og:locale\" content=\"en_GB\" \/>\n<meta property=\"og:type\" content=\"article\" \/>\n<meta property=\"og:title\" content=\"Grozs - ID\u0100RTO Centrs\" \/>\n<meta property=\"og:url\" content=\"https:\/\/idarto.com\/en\/cart\/\" \/>\n<meta property=\"og:site_name\" content=\"ID\u0100RTO Centrs\" \/>\n<meta property=\"article:modified_time\" content=\"2026-03-29T13:15:52+00:00\" \/>\n<meta property=\"og:image\" content=\"https:\/\/i0.wp.com\/idarto.com\/wp-content\/uploads\/2026\/03\/Screenshot-2026-03-23-at-10.22.00.png?fit=480%2C204&ssl=1\" \/>\n\t<meta property=\"og:image:width\" content=\"480\" \/>\n\t<meta property=\"og:image:height\" content=\"204\" \/>\n\t<meta property=\"og:image:type\" content=\"image\/png\" \/>\n<meta name=\"twitter:card\" content=\"summary_large_image\" \/>\n<meta name=\"twitter:label1\" content=\"Estimated reading time\" \/>\n\t<meta name=\"twitter:data1\" content=\"1 minute\" \/>\n<script type=\"application\/ld+json\" class=\"yoast-schema-graph\">{\"@context\":\"https:\\\/\\\/schema.org\",\"@graph\":[{\"@type\":\"WebPage\",\"@id\":\"https:\\\/\\\/idarto.com\\\/grozs\\\/\",\"url\":\"https:\\\/\\\/idarto.com\\\/grozs\\\/\",\"name\":\"Grozs - ID\u0100RTO Centrs\",\"isPartOf\":{\"@id\":\"https:\\\/\\\/idarto.com\\\/#website\"},\"datePublished\":\"2026-02-24T17:51:16+00:00\",\"dateModified\":\"2026-03-29T13:15:52+00:00\",\"breadcrumb\":{\"@id\":\"https:\\\/\\\/idarto.com\\\/grozs\\\/#breadcrumb\"},\"inLanguage\":\"en-GB\",\"potentialAction\":[{\"@type\":\"ReadAction\",\"target\":[\"https:\\\/\\\/idarto.com\\\/grozs\\\/\"]}]},{\"@type\":\"BreadcrumbList\",\"@id\":\"https:\\\/\\\/idarto.com\\\/grozs\\\/#breadcrumb\",\"itemListElement\":[{\"@type\":\"ListItem\",\"position\":1,\"name\":\"Home\",\"item\":\"https:\\\/\\\/idarto.com\\\/\"},{\"@type\":\"ListItem\",\"position\":2,\"name\":\"Grozs\"}]},{\"@type\":\"WebSite\",\"@id\":\"https:\\\/\\\/idarto.com\\\/#website\",\"url\":\"https:\\\/\\\/idarto.com\\\/\",\"name\":\"ID\u0100RTO Centrs\",\"description\":\"Psihoemocion\u0101l\u0101 atbalsts sniedz\u0113js - m\u0101c\u0101m prasmes, kas pal\u012bdz main\u012bties.\",\"publisher\":{\"@id\":\"https:\\\/\\\/idarto.com\\\/#organization\"},\"potentialAction\":[{\"@type\":\"SearchAction\",\"target\":{\"@type\":\"EntryPoint\",\"urlTemplate\":\"https:\\\/\\\/idarto.com\\\/?s={search_term_string}\"},\"query-input\":{\"@type\":\"PropertyValueSpecification\",\"valueRequired\":true,\"valueName\":\"search_term_string\"}}],\"inLanguage\":\"en-GB\"},{\"@type\":\"Organization\",\"@id\":\"https:\\\/\\\/idarto.com\\\/#organization\",\"name\":\"ID\u0100RTO Centrs\",\"url\":\"https:\\\/\\\/idarto.com\\\/\",\"logo\":{\"@type\":\"ImageObject\",\"inLanguage\":\"en-GB\",\"@id\":\"https:\\\/\\\/idarto.com\\\/#\\\/schema\\\/logo\\\/image\\\/\",\"url\":\"https:\\\/\\\/i0.wp.com\\\/idarto.com\\\/wp-content\\\/uploads\\\/2025\\\/04\\\/1.png?fit=325%2C157&ssl=1\",\"contentUrl\":\"https:\\\/\\\/i0.wp.com\\\/idarto.com\\\/wp-content\\\/uploads\\\/2025\\\/04\\\/1.png?fit=325%2C157&ssl=1\",\"width\":325,\"height\":157,\"caption\":\"ID\u0100RTO Centrs\"},\"image\":{\"@id\":\"https:\\\/\\\/idarto.com\\\/#\\\/schema\\\/logo\\\/image\\\/\"}}]}<\/script>\n<!-- \/ Yoast SEO plugin. -->","yoast_head_json":{"title":"Cart - ID\u0100RTO Centrs","robots":{"index":"index","follow":"follow","max-snippet":"max-snippet:-1","max-image-preview":"max-image-preview:large","max-video-preview":"max-video-preview:-1"},"canonical":"https:\/\/idarto.com\/en\/cart\/","og_locale":"en_GB","og_type":"article","og_title":"Grozs - ID\u0100RTO Centrs","og_url":"https:\/\/idarto.com\/en\/cart\/","og_site_name":"ID\u0100RTO Centrs","article_modified_time":"2026-03-29T13:15:52+00:00","og_image":[{"width":480,"height":204,"url":"https:\/\/i0.wp.com\/idarto.com\/wp-content\/uploads\/2026\/03\/Screenshot-2026-03-23-at-10.22.00.png?fit=480%2C204&ssl=1","type":"image\/png"}],"twitter_card":"summary_large_image","twitter_misc":{"Estimated reading time":"1 minute"},"schema":{"@context":"https:\/\/schema.org","@graph":[{"@type":"WebPage","@id":"https:\/\/idarto.com\/grozs\/","url":"https:\/\/idarto.com\/grozs\/","name":"Cart - ID\u0100RTO Centrs","isPartOf":{"@id":"https:\/\/idarto.com\/#website"},"datePublished":"2026-02-24T17:51:16+00:00","dateModified":"2026-03-29T13:15:52+00:00","breadcrumb":{"@id":"https:\/\/idarto.com\/grozs\/#breadcrumb"},"inLanguage":"en-GB","potentialAction":[{"@type":"ReadAction","target":["https:\/\/idarto.com\/grozs\/"]}]},{"@type":"BreadcrumbList","@id":"https:\/\/idarto.com\/grozs\/#breadcrumb","itemListElement":[{"@type":"ListItem","position":1,"name":"Home","item":"https:\/\/idarto.com\/"},{"@type":"ListItem","position":2,"name":"Grozs"}]},{"@type":"WebSite","@id":"https:\/\/idarto.com\/#website","url":"https:\/\/idarto.com\/","name":"IDARTO Centre","description":"Psycho-emotional support provider - teaching skills that help change.","publisher":{"@id":"https:\/\/idarto.com\/#organization"},"potentialAction":[{"@type":"SearchAction","target":{"@type":"EntryPoint","urlTemplate":"https:\/\/idarto.com\/?s={search_term_string}"},"query-input":{"@type":"PropertyValueSpecification","valueRequired":true,"valueName":"search_term_string"}}],"inLanguage":"en-GB"},{"@type":"Organization","@id":"https:\/\/idarto.com\/#organization","name":"IDARTO Centre","url":"https:\/\/idarto.com\/","logo":{"@type":"ImageObject","inLanguage":"en-GB","@id":"https:\/\/idarto.com\/#\/schema\/logo\/image\/","url":"https:\/\/i0.wp.com\/idarto.com\/wp-content\/uploads\/2025\/04\/1.png?fit=325%2C157&ssl=1","contentUrl":"https:\/\/i0.wp.com\/idarto.com\/wp-content\/uploads\/2025\/04\/1.png?fit=325%2C157&ssl=1","width":325,"height":157,"caption":"ID\u0100RTO Centrs"},"image":{"@id":"https:\/\/idarto.com\/#\/schema\/logo\/image\/"}}]}},"jetpack_sharing_enabled":true,"_links":{"self":[{"href":"https:\/\/idarto.com\/en\/wp-json\/wp\/v2\/pages\/1720","targetHints":{"allow":["GET"]}}],"collection":[{"href":"https:\/\/idarto.com\/en\/wp-json\/wp\/v2\/pages"}],"about":[{"href":"https:\/\/idarto.com\/en\/wp-json\/wp\/v2\/types\/page"}],"author":[{"embeddable":true,"href":"https:\/\/idarto.com\/en\/wp-json\/wp\/v2\/users\/1"}],"replies":[{"embeddable":true,"href":"https:\/\/idarto.com\/en\/wp-json\/wp\/v2\/comments?post=1720"}],"version-history":[{"count":5,"href":"https:\/\/idarto.com\/en\/wp-json\/wp\/v2\/pages\/1720\/revisions"}],"predecessor-version":[{"id":2086,"href":"https:\/\/idarto.com\/en\/wp-json\/wp\/v2\/pages\/1720\/revisions\/2086"}],"wp:attachment":[{"href":"https:\/\/idarto.com\/en\/wp-json\/wp\/v2\/media?parent=1720"}],"curies":[{"name":"wp","href":"https:\/\/api.w.org\/{rel}","templated":true}]}}